{"id":47,"date":"2021-03-18T13:39:12","date_gmt":"2021-03-18T12:39:12","guid":{"rendered":"http:\/\/www.ksb-mol.de\/?page_id=47"},"modified":"2025-10-15T12:37:16","modified_gmt":"2025-10-15T10:37:16","slug":"erwachsenenbildung","status":"publish","type":"page","link":"https:\/\/www.ksb-mol.de\/%20startseite%202025\/erwachsenenbildung\/","title":{"rendered":"Erwachsenenbildung"},"content":{"rendered":"<p>[et_pb_section fb_built=&#8220;1&#8243; fullwidth=&#8220;on&#8220; _builder_version=&#8220;4.16&#8243; _module_preset=&#8220;default&#8220; bottom_divider_style=&#8220;slant2&#8243; bottom_divider_color=&#8220;#FFFFFF&#8220; global_colors_info=&#8220;{}&#8220;][et_pb_fullwidth_header _builder_version=&#8220;4.16&#8243; _module_preset=&#8220;default&#8220; use_background_color_gradient=&#8220;on&#8220; background_color_gradient_stops=&#8220;#2a911d 0%|rgba(175,175,36,0.97) 100%&#8220; background_color_gradient_start=&#8220;#2a911d&#8220; background_color_gradient_end=&#8220;rgba(175,175,36,0.97)&#8220; background_enable_image=&#8220;off&#8220; custom_padding=&#8220;50px||100px||false|false&#8220; global_colors_info=&#8220;{}&#8220;]<\/p>\n<h1 style=\"text-align: center;\">Erwachsenenbildung\/ Fachvortr\u00e4ge<\/h1>\n<p>[\/et_pb_fullwidth_header][\/et_pb_section][et_pb_section fb_built=&#8220;1&#8243; _builder_version=&#8220;4.16&#8243; _module_preset=&#8220;default&#8220; global_colors_info=&#8220;{}&#8220;][et_pb_row column_structure=&#8220;1_2,1_2&#8243; _builder_version=&#8220;4.16&#8243; _module_preset=&#8220;default&#8220; width=&#8220;77.4%&#8220; custom_padding=&#8220;|||1px||&#8220; global_colors_info=&#8220;{}&#8220;][et_pb_column type=&#8220;1_2&#8243; _builder_version=&#8220;4.16&#8243; _module_preset=&#8220;default&#8220; global_colors_info=&#8220;{}&#8220;][et_pb_text _builder_version=&#8220;4.18.0&#8243; _module_preset=&#8220;default&#8220; custom_padding=&#8220;||2px|||&#8220; link_option_url=&#8220;%22C:UsersManjaDocumentsEigende DateinGF Lindner 2022\u00dcbungsleiterausbildungFortbildungFB_Anmeldung 10.12.22.docx%22&#8243; locked=&#8220;off&#8220; global_colors_info=&#8220;{}&#8220;]<\/p>\n<p><strong><span style=\"color: #000000;\">Zur Zeit keine Termine!<\/span><\/strong><\/p>\n<p>&nbsp;<\/p>\n<blockquote>\n<p><a href=\"https:\/\/www.ksb-mol.de\/wp-content\/uploads\/2022\/11\/FB_Anmeldung-10.12.22.docx\">Anmeldungen hier<\/a> an: b.kurzweg@ksb-mol.de<\/p>\n<\/blockquote>\n<p>[\/et_pb_text][\/et_pb_column][et_pb_column type=&#8220;1_2&#8243; _builder_version=&#8220;4.16&#8243; _module_preset=&#8220;default&#8220; global_colors_info=&#8220;{}&#8220;][et_pb_image src=&#8220;https:\/\/www.ksb-mol.de\/wp-content\/uploads\/2025\/10\/Bar-Keeper.jpg&#8220; title_text=&#8220;Layout 1&#8243; _builder_version=&#8220;4.27.4&#8243; _module_preset=&#8220;default&#8220; hover_enabled=&#8220;0&#8243; global_colors_info=&#8220;{}&#8220; sticky_enabled=&#8220;0&#8243;][\/et_pb_image][\/et_pb_column][\/et_pb_row][et_pb_row _builder_version=&#8220;4.16&#8243; _module_preset=&#8220;default&#8220; global_colors_info=&#8220;{}&#8220;][et_pb_column type=&#8220;4_4&#8243; _builder_version=&#8220;4.16&#8243; _module_preset=&#8220;default&#8220; global_colors_info=&#8220;{}&#8220;][et_pb_text _builder_version=&#8220;4.17.4&#8243; _module_preset=&#8220;default&#8220; custom_margin=&#8220;-32px|||||&#8220; global_colors_info=&#8220;{}&#8220;]<\/p>\n<p>Alle Veranstaltungen finden in den R\u00e4umlichkeiten des KSB MOL e.V. in der Au\u00dfenstelle Strausberg in der Klosterstra\u00dfe 1 statt.<\/p>\n<p><i>Weitere Termine oder Anfragen von Gruppen unter 03341-4906633 oder unter <a href=\"mailto:info@ksb-mol.de\">info@ksb-mol.de<\/a><\/i><\/p>\n<p><i><\/i><\/p>\n<p>[\/et_pb_text][\/et_pb_column][\/et_pb_row][\/et_pb_section]<\/p>\n","protected":false},"excerpt":{"rendered":"<p>Erwachsenenbildung\/ Fachvortr\u00e4geZur Zeit keine Termine! &nbsp; Anmeldungen hier an: b.kurzweg@ksb-mol.de Alle Veranstaltungen finden in den R\u00e4umlichkeiten des KSB MOL e.V. in der Au\u00dfenstelle Strausberg in der Klosterstra\u00dfe 1 statt. Weitere [&hellip;]<\/p>\n","protected":false},"author":2,"featured_media":0,"parent":0,"menu_order":0,"comment_status":"closed","ping_status":"closed","template":"","meta":{"_et_pb_use_builder":"on","_et_pb_old_content":"<!-- wp:divi\/placeholder \/-->","_et_gb_content_width":"","footnotes":""},"class_list":["post-47","page","type-page","status-publish","hentry"],"_links":{"self":[{"href":"https:\/\/www.ksb-mol.de\/%20startseite%202025\/wp-json\/wp\/v2\/pages\/47","targetHints":{"allow":["GET"]}}],"collection":[{"href":"https:\/\/www.ksb-mol.de\/%20startseite%202025\/wp-json\/wp\/v2\/pages"}],"about":[{"href":"https:\/\/www.ksb-mol.de\/%20startseite%202025\/wp-json\/wp\/v2\/types\/page"}],"author":[{"embeddable":true,"href":"https:\/\/www.ksb-mol.de\/%20startseite%202025\/wp-json\/wp\/v2\/users\/2"}],"replies":[{"embeddable":true,"href":"https:\/\/www.ksb-mol.de\/%20startseite%202025\/wp-json\/wp\/v2\/comments?post=47"}],"version-history":[{"count":0,"href":"https:\/\/www.ksb-mol.de\/%20startseite%202025\/wp-json\/wp\/v2\/pages\/47\/revisions"}],"wp:attachment":[{"href":"https:\/\/www.ksb-mol.de\/%20startseite%202025\/wp-json\/wp\/v2\/media?parent=47"}],"curies":[{"name":"wp","href":"https:\/\/api.w.org\/{rel}","templated":true}]}}