{"id":45,"date":"2021-03-18T13:38:54","date_gmt":"2021-03-18T12:38:54","guid":{"rendered":"http:\/\/www.ksb-mol.de\/?page_id=45"},"modified":"2025-10-15T12:35:49","modified_gmt":"2025-10-15T10:35:49","slug":"uebungsleiterausbildung","status":"publish","type":"page","link":"https:\/\/www.ksb-mol.de\/%20startseite%202025\/uebungsleiterausbildung\/","title":{"rendered":"\u00dcbungsleiter-                                                              ausbildung"},"content":{"rendered":"<p>[et_pb_section fb_built=&#8220;1&#8243; fullwidth=&#8220;on&#8220; _builder_version=&#8220;4.16&#8243; _module_preset=&#8220;default&#8220; bottom_divider_style=&#8220;slant2&#8243; bottom_divider_color=&#8220;#FFFFFF&#8220; global_colors_info=&#8220;{}&#8220;][et_pb_fullwidth_header logo_image_url=&#8220;https:\/\/www.ksb-mol.de\/wp-content\/uploads\/2025\/10\/Wunderheiler.jpg&#8220; _builder_version=&#8220;4.27.4&#8243; _module_preset=&#8220;default&#8220; use_background_color_gradient=&#8220;on&#8220; background_color_gradient_stops=&#8220;#2a911d 0%|rgba(175,175,36,0.97) 100%&#8220; background_color_gradient_start=&#8220;#2a911d&#8220; background_color_gradient_end=&#8220;rgba(175,175,36,0.97)&#8220; background_enable_image=&#8220;off&#8220; custom_padding=&#8220;50px||100px||false|false&#8220; hover_enabled=&#8220;0&#8243; global_colors_info=&#8220;{}&#8220; sticky_enabled=&#8220;0&#8243; title_text=&#8220;Layout 1&#8243;]<\/p>\n<h1 style=\"text-align: center;\">\u00dcbungsleiterausbildung C Breitensport<\/h1>\n<p>[\/et_pb_fullwidth_header][\/et_pb_section][et_pb_section fb_built=&#8220;1&#8243; _builder_version=&#8220;4.27.0&#8243; _module_preset=&#8220;default&#8220; global_colors_info=&#8220;{}&#8220;][et_pb_row column_structure=&#8220;1_2,1_2&#8243; _builder_version=&#8220;4.16&#8243; _module_preset=&#8220;default&#8220; min_height=&#8220;177.8px&#8220; global_colors_info=&#8220;{}&#8220;][et_pb_column type=&#8220;1_2&#8243; _builder_version=&#8220;4.16&#8243; _module_preset=&#8220;default&#8220; global_colors_info=&#8220;{}&#8220;][et_pb_text _builder_version=&#8220;4.21.0&#8243; _module_preset=&#8220;default&#8220; text_font_size=&#8220;30px&#8220; custom_padding=&#8220;13px|||||&#8220; global_colors_info=&#8220;{}&#8220;]<\/p>\n<div class=\"textItem\">\n<h3><\/h3>\n<h3><span style=\"color: #ff0000;\"><b><i>Die n\u00e4chste \u00dcbungsleiterausbildung Breitensport C ist f\u00fcr September 2025 geplant!<\/i><\/b><\/span><\/h3>\n<\/div>\n<p>[\/et_pb_text][et_pb_image src=&#8220;https:\/\/www.ksb-mol.de\/wp-content\/uploads\/2022\/10\/Leitfiguren.jpg&#8220; title_text=&#8220;Layout 1&#8243; _builder_version=&#8220;4.18.0&#8243; _module_preset=&#8220;default&#8220; global_colors_info=&#8220;{}&#8220;][\/et_pb_image][et_pb_image src=&#8220;https:\/\/www.ksb-mol.de\/wp-content\/uploads\/2022\/11\/LL22_2-scaled.jpg&#8220; title_text=&#8220;LL22_2&#8243; _builder_version=&#8220;4.18.0&#8243; _module_preset=&#8220;default&#8220; global_colors_info=&#8220;{}&#8220;][\/et_pb_image][et_pb_image src=&#8220;https:\/\/www.ksb-mol.de\/wp-content\/uploads\/2025\/10\/Entscheidungen.jpg&#8220; title_text=&#8220;Entscheidungen&#8220; _builder_version=&#8220;4.27.4&#8243; _module_preset=&#8220;default&#8220; global_colors_info=&#8220;{}&#8220;][\/et_pb_image][\/et_pb_column][et_pb_column type=&#8220;1_2&#8243; _builder_version=&#8220;4.16&#8243; _module_preset=&#8220;default&#8220; global_colors_info=&#8220;{}&#8220;][et_pb_text _builder_version=&#8220;4.27.0&#8243; _module_preset=&#8220;default&#8220; width=&#8220;100%&#8220; custom_padding=&#8220;|||0px||&#8220; global_colors_info=&#8220;{}&#8220;][\/et_pb_text][et_pb_text _builder_version=&#8220;4.27.4&#8243; _module_preset=&#8220;default&#8220; width=&#8220;100%&#8220; custom_padding=&#8220;|||0px||&#8220; global_colors_info=&#8220;{}&#8220;]<\/p>\n<p>Folgende Termine sind f\u00fcr die Lehrg\u00e4nge geplant (Achtung noch keine Gew\u00e4hr!)<\/p>\n<p><strong>Grundlehrgang: <\/strong><\/p>\n<p><strong>26.09.\/27.09.\/28.09.2025<\/strong><\/p>\n<p><strong>10.10.\/11.10.\/12.10.2025<\/strong><\/p>\n<p><strong>17.10.\/18.10.\/19.10.2025<\/strong><\/p>\n<p><strong><\/strong><\/p>\n<p><strong><\/strong><\/p>\n<p><strong>Aufbaulehrgang:<\/strong><\/p>\n<p><strong>07.11.\/08.11.\/09.11.2025<\/strong><\/p>\n<p><strong>14.11.\/15.11.\/16.11.2025<\/strong><\/p>\n<p><strong>21.11.\/22.11.\/23.11.2025<\/strong><\/p>\n<p><strong>Lizenzlehrgang: 06.12. und 07.12.2025<\/strong><\/p>\n<p>Die Ausbildungen beginnen am Freitag ab 17:00 Uhr und an den Wochenenden zwischen 09:00 und 16:00 Uhr. Die Veranstaltungsort wechseln in der Regel zwischen Strausberg und Seelow. N\u00e4here Informationen und Anmeldeformalit\u00e4ten folgen in K\u00fcrze.\u00a0<\/p>\n<p><em><\/em><\/p>\n<p>[\/et_pb_text][et_pb_text _builder_version=&#8220;4.27.0&#8243; _module_preset=&#8220;default&#8220; width=&#8220;100%&#8220; custom_padding=&#8220;|||0px||&#8220; global_colors_info=&#8220;{}&#8220;]<\/p>\n<p>\u00a0&amp;6nnnenFortbildungsangebote:<\/p>\n<p><strong>Fortbildung: Kinder und Jugendliche im und durch Sport f\u00f6rdern (7 Lerneinheiten) <\/strong><\/p>\n<p><strong>15.11.2025<\/strong><\/p>\n<p>Sporthalle des Oberstufenzentrums Seelow,<\/p>\n<p>Stra\u00dfe der Jugend 9, 15306 Seelow<\/p>\n<p>Referentinnen: Manja Lindner &amp; Pauline Eisenschmidt<\/p>\n<p><em>Kinder und Jugendliche sind die Grundlage f\u00fcr die Fortf\u00fchrung und Weiterentwicklung eines Sportvereins. Die Gestaltung des altersspezifischen Trainings mit einfachen, aber geeigneten \u00dcbungsger\u00e4ten ist eine Herausforderung, die \u00dcbungsleiter im Sportverein bew\u00e4ltigen sollten. Die Fortbildung gibt die M\u00f6glichkeit, Anregungen f\u00fcr den Trainingsalltag zu erhalten, aber auch den Austausch von Erfahrungen und Erlebnissen. Wichtige Hinweise im Umgang mit Eltern und Verfahrensweisen zum Kinderschutz sind ebenso Inhalte der Weiterbildung, die letztlich daf\u00fcr Unterst\u00fctzung geben, den Verein kindgerecht zu gestalten.<\/em><\/p>\n<p><a href=\"https:\/\/www.ksb-mol.de\/wp-content\/uploads\/2025\/07\/FB-Kindertraining-2025.pdf\">Anmeldungen hier<\/a><em><\/em><\/p>\n<p><em><\/em><\/p>\n<p>[\/et_pb_text][\/et_pb_column][\/et_pb_row][et_pb_row _builder_version=&#8220;4.16&#8243; _module_preset=&#8220;default&#8220; global_colors_info=&#8220;{}&#8220;][et_pb_column type=&#8220;4_4&#8243; _builder_version=&#8220;4.16&#8243; _module_preset=&#8220;default&#8220; global_colors_info=&#8220;{}&#8220;][et_pb_text _builder_version=&#8220;4.16&#8243; _module_preset=&#8220;default&#8220; text_font=&#8220;|700|||||||&#8220; global_colors_info=&#8220;{}&#8220;]<\/p>\n<p>Die Ausbildung zum DOSB- \u00dcbungseiter C &#8211; Breitensport<\/p>\n<p>umfasst 120 Lerneinheiten, die bisher in Lehrg\u00e4ngen an Wochenenden (Freitag bis Sonntag) absolviert werden.<\/p>\n<p>F\u00fcr eine Erstausbildung k\u00f6nnen F\u00f6rdermittel laut Richtlinie des Landkreises \u201ezur F\u00f6rderung des Sports\u201c beim Landkreis MOL beantragt werden.<\/p>\n<p>Voraussetzungen f\u00fcr eine Lizenzausstellung:<\/p>\n<ul>\n<li>Absolvierung der gesamten Ausbildung<\/li>\n<li>Erfolgreiche Lernerfolgskontrolle<\/li>\n<li>Vollendung 16. Lebensjahr<\/li>\n<li>Mitgliedschaft in einem Sportverein (Mitglied der Sportorganisation)<\/li>\n<li>Unterschriebener DOSB Ehrenkodex<\/li>\n<li>1. Hilfe-Ausbildung, nicht \u00e4lter als 2 Jahre bei Antragsstellung<\/li>\n<li>Vollst\u00e4ndig, unterschriebener Antrag<\/li>\n<\/ul>\n<p>Eine DOSB \u00dcbungsleiter C Lizenz ist 4 Jahre g\u00fcltig und kann durch Nachweis von anerkannten Fortbildungen im Umfang von 15 Lerneinheiten innerhalb der G\u00fcltigkeit verl\u00e4ngert werden.<\/p>\n<p>[\/et_pb_text][\/et_pb_column][\/et_pb_row][\/et_pb_section]<\/p>\n","protected":false},"excerpt":{"rendered":"<p>\u00dcbungsleiterausbildung C Breitensport Die n\u00e4chste \u00dcbungsleiterausbildung Breitensport C ist f\u00fcr September 2025 geplant! Folgende Termine sind f\u00fcr die Lehrg\u00e4nge geplant (Achtung noch keine Gew\u00e4hr!) Grundlehrgang: 26.09.\/27.09.\/28.09.2025 10.10.\/11.10.\/12.10.2025 17.10.\/18.10.\/19.10.2025 Aufbaulehrgang: 07.11.\/08.11.\/09.11.2025 [&hellip;]<\/p>\n","protected":false},"author":2,"featured_media":0,"parent":0,"menu_order":0,"comment_status":"closed","ping_status":"closed","template":"","meta":{"_et_pb_use_builder":"on","_et_pb_old_content":"<!-- wp:divi\/placeholder \/-->","_et_gb_content_width":"","footnotes":""},"class_list":["post-45","page","type-page","status-publish","hentry"],"_links":{"self":[{"href":"https:\/\/www.ksb-mol.de\/%20startseite%202025\/wp-json\/wp\/v2\/pages\/45","targetHints":{"allow":["GET"]}}],"collection":[{"href":"https:\/\/www.ksb-mol.de\/%20startseite%202025\/wp-json\/wp\/v2\/pages"}],"about":[{"href":"https:\/\/www.ksb-mol.de\/%20startseite%202025\/wp-json\/wp\/v2\/types\/page"}],"author":[{"embeddable":true,"href":"https:\/\/www.ksb-mol.de\/%20startseite%202025\/wp-json\/wp\/v2\/users\/2"}],"replies":[{"embeddable":true,"href":"https:\/\/www.ksb-mol.de\/%20startseite%202025\/wp-json\/wp\/v2\/comments?post=45"}],"version-history":[{"count":0,"href":"https:\/\/www.ksb-mol.de\/%20startseite%202025\/wp-json\/wp\/v2\/pages\/45\/revisions"}],"wp:attachment":[{"href":"https:\/\/www.ksb-mol.de\/%20startseite%202025\/wp-json\/wp\/v2\/media?parent=45"}],"curies":[{"name":"wp","href":"https:\/\/api.w.org\/{rel}","templated":true}]}}