{"id":31,"date":"2021-03-18T13:36:54","date_gmt":"2021-03-18T12:36:54","guid":{"rendered":"http:\/\/www.ksb-mol.de\/?page_id=31"},"modified":"2026-01-30T11:24:11","modified_gmt":"2026-01-30T10:24:11","slug":"breitensport","status":"publish","type":"page","link":"https:\/\/www.ksb-mol.de\/%20startseite%202025\/breitensport\/","title":{"rendered":"Abteilung Breitensport"},"content":{"rendered":"<p>[et_pb_section fb_built=&#8220;1&#8243; fullwidth=&#8220;on&#8220; _builder_version=&#8220;4.16&#8243; _module_preset=&#8220;default&#8220; bottom_divider_style=&#8220;slant2&#8243; bottom_divider_color=&#8220;#FFFFFF&#8220; global_colors_info=&#8220;{}&#8220;][et_pb_fullwidth_header _builder_version=&#8220;4.16&#8243; _module_preset=&#8220;default&#8220; background_image=&#8220;https:\/\/www.ksb-mol.de\/wp-content\/uploads\/2021\/04\/slider8.jpg&#8220; custom_padding=&#8220;||200px||false|false&#8220; global_colors_info=&#8220;{}&#8220;][\/et_pb_fullwidth_header][\/et_pb_section][et_pb_section fb_built=&#8220;1&#8243; _builder_version=&#8220;4.16&#8243; _module_preset=&#8220;default&#8220; global_colors_info=&#8220;{}&#8220;][et_pb_row _builder_version=&#8220;4.16&#8243; _module_preset=&#8220;default&#8220; global_colors_info=&#8220;{}&#8220;][et_pb_column type=&#8220;4_4&#8243; _builder_version=&#8220;4.16&#8243; _module_preset=&#8220;default&#8220; global_colors_info=&#8220;{}&#8220;][et_pb_text _builder_version=&#8220;4.16&#8243; _module_preset=&#8220;default&#8220; global_colors_info=&#8220;{}&#8220;]<\/p>\n<h1>Abteilung Breitensport<\/h1>\n<p>[\/et_pb_text][\/et_pb_column][\/et_pb_row][et_pb_row column_structure=&#8220;1_3,1_3,1_3&#8243; _builder_version=&#8220;4.27.4&#8243; _module_preset=&#8220;default&#8220; hover_enabled=&#8220;0&#8243; global_colors_info=&#8220;{}&#8220; sticky_enabled=&#8220;0&#8243;][et_pb_column type=&#8220;1_3&#8243; _builder_version=&#8220;4.16&#8243; _module_preset=&#8220;default&#8220; global_colors_info=&#8220;{}&#8220;][et_pb_text _builder_version=&#8220;4.27.4&#8243; _module_preset=&#8220;default&#8220; hover_enabled=&#8220;0&#8243; global_colors_info=&#8220;{}&#8220; sticky_enabled=&#8220;0&#8243;]<\/p>\n<p>Sitz: Gesch\u00e4ftsstelle KSB MOL e. V. [Foto-Gesch\u00e4ftsstelle]<\/p>\n<p>&nbsp;<\/p>\n<p>Abteilung Breitensport beim KSB MOL e. V.<\/p>\n<p>Wohnpark Rotk\u00e4ppchen 1<\/p>\n<p>15306 Seelow<\/p>\n<p>Leiter: Herr Hendrik H\u00f6hne<\/p>\n<p>&nbsp;<\/p>\n<p>Telefon: 03346 8525202\/3<\/p>\n<p>Fax: 03346 8525207<\/p>\n<p>E-Mail: <a href=\"mailto:h.hoehne@ksb-mol.de\">h.hoehne@ksb-mol.de<\/a><\/p>\n<p>&nbsp;<\/p>\n<p>[\/et_pb_text][\/et_pb_column][et_pb_column type=&#8220;1_3&#8243; _builder_version=&#8220;4.16&#8243; _module_preset=&#8220;default&#8220; global_colors_info=&#8220;{}&#8220;][et_pb_image src=&#8220;https:\/\/www.ksb-mol.de\/wp-content\/uploads\/2026\/01\/Hendrik-Hoehne.jpg&#8220; alt=&#8220;Gesch\u00e4fststelle in Seelow&#8220; title_text=&#8220;Hendrik H\u00f6hne&#8220; _builder_version=&#8220;4.27.4&#8243; _module_preset=&#8220;default&#8220; hover_enabled=&#8220;0&#8243; global_colors_info=&#8220;{}&#8220; sticky_enabled=&#8220;0&#8243;][\/et_pb_image][et_pb_text _builder_version=&#8220;4.27.4&#8243; _module_preset=&#8220;default&#8220; hover_enabled=&#8220;0&#8243; global_colors_info=&#8220;{}&#8220; sticky_enabled=&#8220;0&#8243;]<\/p>\n<p>Ihr Ansprechpartner<\/p>\n<p>[\/et_pb_text][\/et_pb_column][et_pb_column type=&#8220;1_3&#8243; _builder_version=&#8220;4.16&#8243; _module_preset=&#8220;default&#8220; global_colors_info=&#8220;{}&#8220;][et_pb_image src=&#8220;https:\/\/www.ksb-mol.de\/wp-content\/uploads\/2021\/04\/slider16.jpg&#8220; _builder_version=&#8220;4.27.4&#8243; _module_preset=&#8220;default&#8220; hover_enabled=&#8220;0&#8243; sticky_enabled=&#8220;0&#8243; title_text=&#8220;slider16&#8243;][\/et_pb_image][\/et_pb_column][\/et_pb_row][et_pb_row _builder_version=&#8220;4.16&#8243; _module_preset=&#8220;default&#8220; global_colors_info=&#8220;{}&#8220;][et_pb_column type=&#8220;4_4&#8243; _builder_version=&#8220;4.16&#8243; _module_preset=&#8220;default&#8220; global_colors_info=&#8220;{}&#8220;][et_pb_text _builder_version=&#8220;4.16&#8243; _module_preset=&#8220;default&#8220; global_colors_info=&#8220;{}&#8220;]<\/p>\n<p>Die Abteilung Breitensport wurde im Juni 1994 auf Vorschlag des damaligen Gesch\u00e4ftsf\u00fchrers, Dieter Sch\u00e4fer, ins Leben gerufen und wird seitdem direkt durch den Vorstand des KSB MOL e. V. und eine von ihm berufene Projektleitung gef\u00fchrt. Ihre Bildung war Ergebnis der nach der Wende schnell sichtbar gewordenen negativen Entwicklung im Kinder- und Jugendsport, besonders im l\u00e4ndlichen Raum des Landkreises M\u00e4rkisch-Oderland. Sportvereine mussten sich neu finden, d\u00fcnnten ihr traditionelles Angebot aus, verschwanden einfach oder hatten nicht mehr die personellen M\u00f6glichkeiten, sich gezielt dem Nachwuchssport zu widmen. Ebenso verschwanden in diesem Zeitraum die meisten Schulsport-Arbeitsgemeinschaften. Diese entstandenen L\u00fccken f\u00fcllen zu helfen, war Anliegen der Bildung von breitensportlich strukturiereten Sportgruppen, angesiedelt zumeist an den Schulen.<\/p>\n<p>[\/et_pb_text][\/et_pb_column][\/et_pb_row][\/et_pb_section]<\/p>\n","protected":false},"excerpt":{"rendered":"<p>Abteilung BreitensportSitz: Gesch\u00e4ftsstelle KSB MOL e. V. [Foto-Gesch\u00e4ftsstelle] &nbsp; Abteilung Breitensport beim KSB MOL e. V. Wohnpark Rotk\u00e4ppchen 1 15306 Seelow Leiter: Herr Hendrik H\u00f6hne &nbsp; Telefon: 03346 8525202\/3 Fax: [&hellip;]<\/p>\n","protected":false},"author":2,"featured_media":0,"parent":0,"menu_order":0,"comment_status":"closed","ping_status":"closed","template":"","meta":{"_et_pb_use_builder":"on","_et_pb_old_content":"<!-- wp:divi\/placeholder \/-->","_et_gb_content_width":"","footnotes":""},"class_list":["post-31","page","type-page","status-publish","hentry"],"_links":{"self":[{"href":"https:\/\/www.ksb-mol.de\/%20startseite%202025\/wp-json\/wp\/v2\/pages\/31","targetHints":{"allow":["GET"]}}],"collection":[{"href":"https:\/\/www.ksb-mol.de\/%20startseite%202025\/wp-json\/wp\/v2\/pages"}],"about":[{"href":"https:\/\/www.ksb-mol.de\/%20startseite%202025\/wp-json\/wp\/v2\/types\/page"}],"author":[{"embeddable":true,"href":"https:\/\/www.ksb-mol.de\/%20startseite%202025\/wp-json\/wp\/v2\/users\/2"}],"replies":[{"embeddable":true,"href":"https:\/\/www.ksb-mol.de\/%20startseite%202025\/wp-json\/wp\/v2\/comments?post=31"}],"version-history":[{"count":0,"href":"https:\/\/www.ksb-mol.de\/%20startseite%202025\/wp-json\/wp\/v2\/pages\/31\/revisions"}],"wp:attachment":[{"href":"https:\/\/www.ksb-mol.de\/%20startseite%202025\/wp-json\/wp\/v2\/media?parent=31"}],"curies":[{"name":"wp","href":"https:\/\/api.w.org\/{rel}","templated":true}]}}