{"id":25,"date":"2021-03-18T13:36:04","date_gmt":"2021-03-18T12:36:04","guid":{"rendered":"http:\/\/www.ksb-mol.de\/?page_id=25"},"modified":"2022-05-31T15:38:51","modified_gmt":"2022-05-31T13:38:51","slug":"themen","status":"publish","type":"page","link":"https:\/\/www.ksb-mol.de\/%20startseite%202025\/themen\/","title":{"rendered":"Themen"},"content":{"rendered":"<p>[et_pb_section fb_built=&#8220;1&#8243; fullwidth=&#8220;on&#8220; _builder_version=&#8220;4.16&#8243; _module_preset=&#8220;default&#8220; bottom_divider_style=&#8220;slant2&#8243; bottom_divider_color=&#8220;#FFFFFF&#8220; collapsed=&#8220;on&#8220; global_colors_info=&#8220;{}&#8220;][et_pb_fullwidth_header _builder_version=&#8220;4.16&#8243; _module_preset=&#8220;default&#8220; background_image=&#8220;https:\/\/www.ksb-mol.de\/wp-content\/uploads\/2021\/03\/image015-4.jpg&#8220; custom_padding=&#8220;||200px||false|false&#8220; global_colors_info=&#8220;{}&#8220;][\/et_pb_fullwidth_header][\/et_pb_section][et_pb_section fb_built=&#8220;1&#8243; _builder_version=&#8220;4.16&#8243; _module_preset=&#8220;default&#8220; global_colors_info=&#8220;{}&#8220;][et_pb_row column_structure=&#8220;1_3,1_3,1_3&#8243; _builder_version=&#8220;4.16&#8243; _module_preset=&#8220;default&#8220; global_colors_info=&#8220;{}&#8220;][et_pb_column type=&#8220;1_3&#8243; _builder_version=&#8220;4.16&#8243; _module_preset=&#8220;default&#8220; global_colors_info=&#8220;{}&#8220;][et_pb_blurb title=&#8220;Gesundheitssport&#8220; image=&#8220;https:\/\/www.ksb-mol.de\/wp-content\/uploads\/2021\/03\/image042-1.jpg&#8220; _builder_version=&#8220;4.17.4&#8243; _dynamic_attributes=&#8220;link_option_url&#8220; _module_preset=&#8220;default&#8220; link_option_url=&#8220;@ET-DC@eyJkeW5hbWljIjp0cnVlLCJjb250ZW50IjoicG9zdF9saW5rX3VybF9wYWdlIiwic2V0dGluZ3MiOnsicG9zdF9pZCI6IjI3In19@&#8220; global_colors_info=&#8220;{}&#8220;]<\/p>\n<p style=\"text-align: left;\">Bewegung ist f\u00fcr den Erhalt und der Rehabilitation ein wichtiger Baustein. Die Abteilung Breitensport bietet kreisweit Angebote im Rahmen des Rehabilitationssports und hat mit seiner Au\u00dfenstelle in Strausberg, Klosterstra\u00dfe 1, spezielle gesundheitssportliche Angebote. Weitere Informationen erhalten Sie unter: 03346\/8525200 oder <a href=\"mailto:gesundheitssport@ksb-mol.de\">gesundheitssport@ksb-mol.de<\/a><\/p>\n<p>&nbsp;<\/p>\n<p>&nbsp;<\/p>\n<p>[\/et_pb_blurb][\/et_pb_column][et_pb_column type=&#8220;1_3&#8243; _builder_version=&#8220;4.16&#8243; _module_preset=&#8220;default&#8220; global_colors_info=&#8220;{}&#8220;][et_pb_blurb title=&#8220;Sportmobil&#8220; url=&#8220;@ET-DC@eyJkeW5hbWljIjp0cnVlLCJjb250ZW50IjoicG9zdF9saW5rX3VybF9wYWdlIiwic2V0dGluZ3MiOnsicG9zdF9pZCI6IjMzIn19@&#8220; image=&#8220;https:\/\/www.ksb-mol.de\/wp-content\/uploads\/2021\/03\/k-100_6430.jpg&#8220; _builder_version=&#8220;4.16&#8243; _dynamic_attributes=&#8220;url&#8220; _module_preset=&#8220;default&#8220; global_colors_info=&#8220;{}&#8220;]<\/p>\n<p>Der Kreissportbund MOL e. V. unterst\u00fctzt mit seinem Sportmobil Sportfeste und Familienfeier etc. mit Kleinsportger\u00e4ten. Unter &#8222;Sportmobil&#8220; finden Sie das komplette Angebot mit Preislisten und k\u00f6nnen jederzeit per Mail unter: <a href=\"mailto:sportmobil@ksb-mol.de\">sportmobil@ksb-mol.de<\/a> Ihre Anfragen an uns richten.\u00a0<\/p>\n<p>[\/et_pb_blurb][\/et_pb_column][et_pb_column type=&#8220;1_3&#8243; _builder_version=&#8220;4.16&#8243; _module_preset=&#8220;default&#8220; global_colors_info=&#8220;{}&#8220;][et_pb_blurb title=&#8220;Betriebssport&#8220; url=&#8220;@ET-DC@eyJkeW5hbWljIjp0cnVlLCJjb250ZW50IjoicG9zdF9saW5rX3VybF9wYWdlIiwic2V0dGluZ3MiOnsicG9zdF9pZCI6IjI5In19@&#8220; admin_label=&#8220;Informationstext&#8220; _builder_version=&#8220;4.16&#8243; _dynamic_attributes=&#8220;url&#8220; _module_preset=&#8220;default&#8220; global_colors_info=&#8220;{}&#8220;]<\/p>\n<p>Wer beruflich viel unterwegs ist, dem fehlt h\u00e4ufig die Zeit, sich nach Feierabend sportlich zu bewegen. Viele Betriebe und Arbeitgeber haben erkannt, dass Sport den Stress reduziert und der pr\u00e4ventiv gegen chronische Erkrankungen wirkt. Wir bieten verschiedene Angebote f\u00fcr eine betriebliche Gesundheitsvorsorge. Ob Yoga oder Entspannungstechniken oder eine &#8222;aktive Pause&#8220; &#8230; wir passen gern nach Interesse und Struktur unser Sportangebot f\u00fcr Sie an.<\/p>\n<p>[\/et_pb_blurb][\/et_pb_column][\/et_pb_row][\/et_pb_section]<\/p>\n","protected":false},"excerpt":{"rendered":"<p>Bewegung ist f\u00fcr den Erhalt und der Rehabilitation ein wichtiger Baustein. Die Abteilung Breitensport bietet kreisweit Angebote im Rahmen des Rehabilitationssports und hat mit seiner Au\u00dfenstelle in Strausberg, Klosterstra\u00dfe 1, [&hellip;]<\/p>\n","protected":false},"author":2,"featured_media":0,"parent":0,"menu_order":0,"comment_status":"closed","ping_status":"closed","template":"","meta":{"_et_pb_use_builder":"on","_et_pb_old_content":"<!-- wp:divi\/placeholder \/-->","_et_gb_content_width":"","footnotes":""},"class_list":["post-25","page","type-page","status-publish","hentry"],"_links":{"self":[{"href":"https:\/\/www.ksb-mol.de\/%20startseite%202025\/wp-json\/wp\/v2\/pages\/25","targetHints":{"allow":["GET"]}}],"collection":[{"href":"https:\/\/www.ksb-mol.de\/%20startseite%202025\/wp-json\/wp\/v2\/pages"}],"about":[{"href":"https:\/\/www.ksb-mol.de\/%20startseite%202025\/wp-json\/wp\/v2\/types\/page"}],"author":[{"embeddable":true,"href":"https:\/\/www.ksb-mol.de\/%20startseite%202025\/wp-json\/wp\/v2\/users\/2"}],"replies":[{"embeddable":true,"href":"https:\/\/www.ksb-mol.de\/%20startseite%202025\/wp-json\/wp\/v2\/comments?post=25"}],"version-history":[{"count":0,"href":"https:\/\/www.ksb-mol.de\/%20startseite%202025\/wp-json\/wp\/v2\/pages\/25\/revisions"}],"wp:attachment":[{"href":"https:\/\/www.ksb-mol.de\/%20startseite%202025\/wp-json\/wp\/v2\/media?parent=25"}],"curies":[{"name":"wp","href":"https:\/\/api.w.org\/{rel}","templated":true}]}}