{"id":2359,"date":"2023-06-19T15:19:38","date_gmt":"2023-06-19T13:19:38","guid":{"rendered":"https:\/\/www.ksb-mol.de\/?page_id=2359"},"modified":"2023-07-03T14:26:27","modified_gmt":"2023-07-03T12:26:27","slug":"30-jahre-ksb-mol-e-v","status":"publish","type":"page","link":"https:\/\/www.ksb-mol.de\/%20startseite%202025\/30-jahre-ksb-mol-e-v\/","title":{"rendered":"30 Jahre KSB MOL e. V."},"content":{"rendered":"<p>[et_pb_section fb_built=&#8220;1&#8243; admin_label=&#8220;Landing Hero&#8220; _builder_version=&#8220;4.16&#8243; _module_preset=&#8220;default&#8220; use_background_color_gradient=&#8220;on&#8220; background_color_gradient_stops=&#8220;#474ab6 0%|#9271f6 100%&#8220; background_color_gradient_start=&#8220;#474ab6&#8243; background_color_gradient_end=&#8220;#9271f6&#8243; background_image=&#8220;https:\/\/www.ksb-mol.de\/wp-content\/uploads\/2022\/06\/coding-background-texture.jpg&#8220; background_blend=&#8220;overlay&#8220; custom_padding=&#8220;100px|0px|100px|0px&#8220; animation_style=&#8220;slide&#8220; animation_direction=&#8220;top&#8220; animation_intensity_slide=&#8220;2%&#8220; locked=&#8220;off&#8220; global_colors_info=&#8220;{}&#8220;][et_pb_row column_structure=&#8220;1_2,1_2&#8243; _builder_version=&#8220;4.21.0&#8243; _module_preset=&#8220;default&#8220; custom_margin=&#8220;|||&#8220; hover_enabled=&#8220;0&#8243; custom_width_px=&#8220;1280px&#8220; global_colors_info=&#8220;{}&#8220; use_background_color_gradient=&#8220;on&#8220; sticky_enabled=&#8220;0&#8243;][et_pb_column type=&#8220;1_2&#8243; _builder_version=&#8220;4.16&#8243; _module_preset=&#8220;default&#8220; custom_padding=&#8220;|||&#8220; global_colors_info=&#8220;{}&#8220; custom_padding__hover=&#8220;|||&#8220;][et_pb_text _builder_version=&#8220;4.21.0&#8243; _module_preset=&#8220;default&#8220; header_font=&#8220;|on|||&#8220; header_font_size=&#8220;42px&#8220; header_line_height=&#8220;1.3em&#8220; background_layout=&#8220;dark&#8220; custom_padding=&#8220;|||&#8220; header_font_size_last_edited=&#8220;off|desktop&#8220; locked=&#8220;off&#8220; global_colors_info=&#8220;{}&#8220;]<\/p>\n<h2><strong><span style=\"color: #ff0000;\">30 Jahre Kreissportbund MOL e. V.<\/span><\/strong><\/h2>\n<p>[\/et_pb_text][et_pb_text _builder_version=&#8220;4.21.0&#8243; _module_preset=&#8220;default&#8220; text_text_color=&#8220;#d4ccff&#8220; text_line_height=&#8220;1.9em&#8220; locked=&#8220;off&#8220; global_colors_info=&#8220;{}&#8220;]<\/p>\n<p>Zusammen mit dem Sport-und Erholungspark feierten wir am 17.06.2023 unseren 30. Geburtstag. Was kann es zu diesem Ereignis Besseres geben als ein gro\u00dfes Sportfest. So starteten wir fr\u00fch ab 09:00 Uhr mit der Mitgliederversammlung des KSB MOL e. V. und gingen dann ab 11:00 Uhr zum aktiven Teil \u00fcber!\u00a0<\/p>\n<p>Hier k\u00f6nnt ihr ein paar Bilder und Ergebnislisten sehen (weitere Beitr\u00e4ge und Bilder folgen&#8230;)<\/p>\n<p>[\/et_pb_text][et_pb_button _builder_version=&#8220;4.20.2&#8243; _module_preset=&#8220;default&#8220; custom_button=&#8220;on&#8220; button_text_size=&#8220;16px&#8220; button_text_color=&#8220;#ffffff&#8220; button_bg_color=&#8220;#09e1c0&#8243; button_border_width=&#8220;10px&#8220; button_border_color=&#8220;#09e1c0&#8243; button_border_radius=&#8220;100px&#8220; button_letter_spacing=&#8220;1px&#8220; button_font=&#8220;|on||on|&#8220; button_icon=&#8220;&#x45;||divi||400&#8243; button_on_hover=&#8220;off&#8220; custom_margin=&#8220;20px|||&#8220; animation_style=&#8220;zoom&#8220; animation_delay=&#8220;100ms&#8220; animation_intensity_zoom=&#8220;10%&#8220; box_shadow_style=&#8220;preset1&#8243; box_shadow_vertical=&#8220;10px&#8220; box_shadow_blur=&#8220;50px&#8220; box_shadow_spread=&#8220;5px&#8220; box_shadow_color=&#8220;rgba(0,188,160,0.6)&#8220; button_letter_spacing_hover=&#8220;2px&#8220; saved_tabs=&#8220;all&#8220; locked=&#8220;off&#8220; global_colors_info=&#8220;{}&#8220; button_text_size__hover_enabled=&#8220;off&#8220; button_text_size__hover=&#8220;null&#8220; button_one_text_size__hover_enabled=&#8220;off&#8220; button_one_text_size__hover=&#8220;null&#8220; button_two_text_size__hover_enabled=&#8220;off&#8220; button_two_text_size__hover=&#8220;null&#8220; button_text_color__hover_enabled=&#8220;off&#8220; button_text_color__hover=&#8220;null&#8220; button_one_text_color__hover_enabled=&#8220;off&#8220; button_one_text_color__hover=&#8220;null&#8220; button_two_text_color__hover_enabled=&#8220;off&#8220; button_two_text_color__hover=&#8220;null&#8220; button_border_width__hover_enabled=&#8220;off&#8220; button_border_width__hover=&#8220;null&#8220; button_one_border_width__hover_enabled=&#8220;off&#8220; button_one_border_width__hover=&#8220;null&#8220; button_two_border_width__hover_enabled=&#8220;off&#8220; button_two_border_width__hover=&#8220;null&#8220; button_border_color__hover_enabled=&#8220;off&#8220; button_border_color__hover=&#8220;null&#8220; button_one_border_color__hover_enabled=&#8220;off&#8220; button_one_border_color__hover=&#8220;null&#8220; button_two_border_color__hover_enabled=&#8220;off&#8220; button_two_border_color__hover=&#8220;null&#8220; button_border_radius__hover_enabled=&#8220;off&#8220; button_border_radius__hover=&#8220;null&#8220; button_one_border_radius__hover_enabled=&#8220;off&#8220; button_one_border_radius__hover=&#8220;null&#8220; button_two_border_radius__hover_enabled=&#8220;off&#8220; button_two_border_radius__hover=&#8220;null&#8220; button_letter_spacing__hover_enabled=&#8220;on&#8220; button_letter_spacing__hover=&#8220;2px&#8220; button_one_letter_spacing__hover_enabled=&#8220;off&#8220; button_one_letter_spacing__hover=&#8220;null&#8220; button_two_letter_spacing__hover_enabled=&#8220;off&#8220; button_two_letter_spacing__hover=&#8220;null&#8220; button_bg_color__hover_enabled=&#8220;off&#8220; button_bg_color__hover=&#8220;null&#8220; button_one_bg_color__hover_enabled=&#8220;off&#8220; button_one_bg_color__hover=&#8220;null&#8220; button_two_bg_color__hover_enabled=&#8220;off&#8220; button_two_bg_color__hover=&#8220;null&#8220;][\/et_pb_button][\/et_pb_column][et_pb_column type=&#8220;1_2&#8243; _builder_version=&#8220;4.16&#8243; _module_preset=&#8220;default&#8220; custom_padding=&#8220;|||&#8220; global_colors_info=&#8220;{}&#8220; custom_padding__hover=&#8220;|||&#8220;][et_pb_image src=&#8220;https:\/\/www.ksb-mol.de\/wp-content\/uploads\/2023\/06\/Eroeffnung-1-scaled.jpg&#8220; title_text=&#8220;Er\u00f6ffnung 1&#8243; _builder_version=&#8220;4.21.0&#8243; _module_preset=&#8220;default&#8220; global_colors_info=&#8220;{}&#8220;][\/et_pb_image][\/et_pb_column][\/et_pb_row][et_pb_row _builder_version=&#8220;4.21.0&#8243; _module_preset=&#8220;default&#8220; global_colors_info=&#8220;{}&#8220;][et_pb_column type=&#8220;4_4&#8243; _builder_version=&#8220;4.19.1&#8243; _module_preset=&#8220;default&#8220; global_colors_info=&#8220;{}&#8220;][et_pb_text _builder_version=&#8220;4.21.0&#8243; _module_preset=&#8220;default&#8220; global_colors_info=&#8220;{}&#8220;]<\/p>\n<p><span style=\"color: #00ff00;\">Die Gesch\u00e4ftsstelle des KSB MOL e. V. bedankt sich beim Gesch\u00e4ftsf\u00fchrer des SEP, Herrn Markus Derling, und danken insbesondere der Betriebsleiterin Anja K\u00fcttler, die zusammen mit ihrem tollen Team um Inga Kleinschmidt und Jennifer Hanne die Planung und Organisation vorgenommen hat! Wir waren ein tolles Team!!<\/span><\/p>\n<p>[\/et_pb_text][\/et_pb_column][\/et_pb_row][et_pb_row _builder_version=&#8220;4.21.0&#8243; _module_preset=&#8220;default&#8220; global_colors_info=&#8220;{}&#8220;][et_pb_column type=&#8220;4_4&#8243; _builder_version=&#8220;4.21.0&#8243; _module_preset=&#8220;default&#8220; global_colors_info=&#8220;{}&#8220;][et_pb_gallery gallery_ids=&#8220;2390,2391,2392,2393,2394,2395,2396,2397,2398,2399,2400,2401,2402,2403,2406,2407&#8243; _builder_version=&#8220;4.21.0&#8243; _module_preset=&#8220;default&#8220; global_colors_info=&#8220;{}&#8220;][\/et_pb_gallery][\/et_pb_column][\/et_pb_row][et_pb_row column_structure=&#8220;1_2,1_2&#8243; _builder_version=&#8220;4.21.0&#8243; _module_preset=&#8220;default&#8220; global_colors_info=&#8220;{}&#8220;][et_pb_column type=&#8220;1_2&#8243; _builder_version=&#8220;4.21.0&#8243; _module_preset=&#8220;default&#8220; global_colors_info=&#8220;{}&#8220;][et_pb_image src=&#8220;https:\/\/www.ksb-mol.de\/wp-content\/uploads\/2023\/06\/Fussballtennis-scaled.jpg&#8220; title_text=&#8220;Fu\u00dfballtennis&#8220; _builder_version=&#8220;4.21.0&#8243; _module_preset=&#8220;default&#8220; global_colors_info=&#8220;{}&#8220;][\/et_pb_image][\/et_pb_column][et_pb_column type=&#8220;1_2&#8243; _builder_version=&#8220;4.21.0&#8243; _module_preset=&#8220;default&#8220; global_colors_info=&#8220;{}&#8220;][et_pb_text _builder_version=&#8220;4.21.0&#8243; _module_preset=&#8220;default&#8220; global_colors_info=&#8220;{}&#8220;]<\/p>\n<p>ERGEBNISSE Fu\u00dfballtennis:<\/p>\n<table>\n<tbody>\n<tr>\n<td width=\"245\">1. Team Sparkasse<\/td>\n<td width=\"227\">6 Punkte<\/td>\n<\/tr>\n<tr>\n<td width=\"245\">2. FC Strausberg<\/td>\n<td width=\"227\">4 Punkte<\/td>\n<\/tr>\n<tr>\n<td width=\"245\">3. Integrationsteam<\/td>\n<td width=\"227\">2 Punkte<\/td>\n<\/tr>\n<tr>\n<td width=\"245\">4. Juniorteam<\/td>\n<td width=\"227\">0 Punkte<\/td>\n<\/tr>\n<\/tbody>\n<\/table>\n<p>[\/et_pb_text][\/et_pb_column][\/et_pb_row][et_pb_row column_structure=&#8220;1_2,1_2&#8243; _builder_version=&#8220;4.21.0&#8243; _module_preset=&#8220;default&#8220; global_colors_info=&#8220;{}&#8220;][et_pb_column type=&#8220;1_2&#8243; _builder_version=&#8220;4.21.0&#8243; _module_preset=&#8220;default&#8220; global_colors_info=&#8220;{}&#8220;][et_pb_text _builder_version=&#8220;4.21.0&#8243; _module_preset=&#8220;default&#8220; global_colors_info=&#8220;{}&#8220;]<\/p>\n<p>Ergebnisse Beachvolleyball:\u00a0<\/p>\n<table>\n<tbody>\n<tr>\n<td width=\"69\">\n<p>Platz 1<\/p>\n<\/td>\n<td width=\"402\">\n<p>SV Zerschmetterlinge<\/p>\n<\/td>\n<\/tr>\n<tr>\n<td width=\"69\">\n<p>Platz 2<\/p>\n<\/td>\n<td width=\"402\">\n<p>Oder Ortwig<\/p>\n<\/td>\n<\/tr>\n<tr>\n<td width=\"69\">\n<p>Platz 3<\/p>\n<\/td>\n<td width=\"402\">\n<p>Watt peppiget<\/p>\n<\/td>\n<\/tr>\n<tr>\n<td width=\"69\">\n<p>Platz 4<\/p>\n<\/td>\n<td width=\"402\">\n<p>Keine Hose \u2013 keine Probleme<\/p>\n<\/td>\n<\/tr>\n<tr>\n<td width=\"69\">\n<p>Vorrunde<\/p>\n<\/td>\n<td width=\"402\">\n<p>F\u00b4h\u00e4sche Leute<\/p>\n<\/td>\n<\/tr>\n<tr>\n<td width=\"69\">\n<p>Vorrunde<\/p>\n<\/td>\n<td width=\"402\">\n<p>OSZ 1<\/p>\n<\/td>\n<\/tr>\n<tr>\n<td width=\"69\">\n<p>Vorrunde<\/p>\n<\/td>\n<td width=\"402\">\n<p>OSZ 2<\/p>\n<\/td>\n<\/tr>\n<tr>\n<td width=\"69\">\n<p>Vorrunde<\/p>\n<\/td>\n<td width=\"402\">\n<p>Neuhardenberg 1<\/p>\n<\/td>\n<\/tr>\n<tr>\n<td width=\"69\">\n<p>Vorrunde<\/p>\n<\/td>\n<td width=\"402\">\n<p>Neuhardenberg 2<\/p>\n<\/td>\n<\/tr>\n<\/tbody>\n<\/table>\n<p>[\/et_pb_text][\/et_pb_column][et_pb_column type=&#8220;1_2&#8243; _builder_version=&#8220;4.21.0&#8243; _module_preset=&#8220;default&#8220; global_colors_info=&#8220;{}&#8220;][et_pb_image src=&#8220;https:\/\/www.ksb-mol.de\/wp-content\/uploads\/2023\/06\/Volleyball-1-scaled.jpg&#8220; title_text=&#8220;Volleyball 1&#8243; _builder_version=&#8220;4.21.0&#8243; _module_preset=&#8220;default&#8220; global_colors_info=&#8220;{}&#8220;][\/et_pb_image][\/et_pb_column][\/et_pb_row][\/et_pb_section]<\/p>\n","protected":false},"excerpt":{"rendered":"<p>30 Jahre Kreissportbund MOL e. V.Zusammen mit dem Sport-und Erholungspark feierten wir am 17.06.2023 unseren 30. Geburtstag. Was kann es zu diesem Ereignis Besseres geben als ein gro\u00dfes Sportfest. So [&hellip;]<\/p>\n","protected":false},"author":3,"featured_media":0,"parent":0,"menu_order":0,"comment_status":"closed","ping_status":"closed","template":"","meta":{"_et_pb_use_builder":"on","_et_pb_old_content":"","_et_gb_content_width":"","footnotes":""},"class_list":["post-2359","page","type-page","status-publish","hentry"],"_links":{"self":[{"href":"https:\/\/www.ksb-mol.de\/%20startseite%202025\/wp-json\/wp\/v2\/pages\/2359","targetHints":{"allow":["GET"]}}],"collection":[{"href":"https:\/\/www.ksb-mol.de\/%20startseite%202025\/wp-json\/wp\/v2\/pages"}],"about":[{"href":"https:\/\/www.ksb-mol.de\/%20startseite%202025\/wp-json\/wp\/v2\/types\/page"}],"author":[{"embeddable":true,"href":"https:\/\/www.ksb-mol.de\/%20startseite%202025\/wp-json\/wp\/v2\/users\/3"}],"replies":[{"embeddable":true,"href":"https:\/\/www.ksb-mol.de\/%20startseite%202025\/wp-json\/wp\/v2\/comments?post=2359"}],"version-history":[{"count":0,"href":"https:\/\/www.ksb-mol.de\/%20startseite%202025\/wp-json\/wp\/v2\/pages\/2359\/revisions"}],"wp:attachment":[{"href":"https:\/\/www.ksb-mol.de\/%20startseite%202025\/wp-json\/wp\/v2\/media?parent=2359"}],"curies":[{"name":"wp","href":"https:\/\/api.w.org\/{rel}","templated":true}]}}