{"id":2172,"date":"2022-12-05T09:19:26","date_gmt":"2022-12-05T08:19:26","guid":{"rendered":"https:\/\/www.ksb-mol.de\/?page_id=2172"},"modified":"2022-12-05T09:19:26","modified_gmt":"2022-12-05T08:19:26","slug":"goldener-plan-brb","status":"publish","type":"page","link":"https:\/\/www.ksb-mol.de\/%20startseite%202025\/goldener-plan-brb\/","title":{"rendered":"Goldener Plan BRB"},"content":{"rendered":"<p>[et_pb_section fb_built=&#8220;1&#8243; _builder_version=&#8220;4.19.1&#8243; _module_preset=&#8220;default&#8220; global_colors_info=&#8220;{}&#8220;][et_pb_row _builder_version=&#8220;4.19.1&#8243; _module_preset=&#8220;default&#8220; global_colors_info=&#8220;{}&#8220;][et_pb_column type=&#8220;4_4&#8243; _builder_version=&#8220;4.19.1&#8243; _module_preset=&#8220;default&#8220; global_colors_info=&#8220;{}&#8220;][et_pb_text _builder_version=&#8220;4.19.1&#8243; _module_preset=&#8220;default&#8220; global_colors_info=&#8220;{}&#8220;]<\/p>\n<h2><strong>Umsetzung Goldener Plan Brandenburg<\/strong>\u00a0<\/h2>\n<p>[\/et_pb_text][\/et_pb_column][\/et_pb_row][et_pb_row column_structure=&#8220;1_2,1_2&#8243; _builder_version=&#8220;4.19.1&#8243; _module_preset=&#8220;default&#8220; global_colors_info=&#8220;{}&#8220;][et_pb_column type=&#8220;1_2&#8243; _builder_version=&#8220;4.19.1&#8243; _module_preset=&#8220;default&#8220; global_colors_info=&#8220;{}&#8220;][et_pb_text _builder_version=&#8220;4.19.1&#8243; _module_preset=&#8220;default&#8220; global_colors_info=&#8220;{}&#8220;]<\/p>\n<p>Der <strong>SV Gorgast\/Manschnow e. V.<\/strong> hat nach langen Bem\u00fchungen es geschafft, \u00fcber den Goldenen Plan BRB das Dach Ihres vereinsheims zu erneuern.<\/p>\n<p>Wie vielen bekannt, galt es auch bei diesem Projekt viele H\u00fcrden zu nehmen und Herausforderungen zu meistern. Allen voran Joachim Sch\u00fctze und J\u00f6rg Korb, die den Kontakt zur Verwaltung, Gemeinde, LSB und KSB hielten, um die Planung voranzutreiben. Nachdem im April 2022 endlich der Bewilligungsbescheid \u00fcber die F\u00f6rdermittel in H\u00f6he von 60.000,00 \u20ac vom Landessportbund eintraf, erhielt der Verein im August die Zuwendung und konnte die Umsetzung des Baus gehen.<\/p>\n<p>Foto: J\u00f6rg Kolb<\/p>\n<p>[\/et_pb_text][\/et_pb_column][et_pb_column type=&#8220;1_2&#8243; _builder_version=&#8220;4.19.1&#8243; _module_preset=&#8220;default&#8220; global_colors_info=&#8220;{}&#8220;][et_pb_image src=&#8220;https:\/\/www.ksb-mol.de\/wp-content\/uploads\/2022\/12\/dji_fly_20221126_143022_67_1669534635656_photo-scaled.jpg&#8220; _builder_version=&#8220;4.19.1&#8243; _module_preset=&#8220;default&#8220; global_colors_info=&#8220;{}&#8220;][\/et_pb_image][\/et_pb_column][\/et_pb_row][\/et_pb_section]<\/p>\n","protected":false},"excerpt":{"rendered":"<p>Umsetzung Goldener Plan Brandenburg\u00a0Der SV Gorgast\/Manschnow e. V. hat nach langen Bem\u00fchungen es geschafft, \u00fcber den Goldenen Plan BRB das Dach Ihres vereinsheims zu erneuern. Wie vielen bekannt, galt es [&hellip;]<\/p>\n","protected":false},"author":3,"featured_media":0,"parent":0,"menu_order":0,"comment_status":"closed","ping_status":"closed","template":"","meta":{"_et_pb_use_builder":"on","_et_pb_old_content":"","_et_gb_content_width":"","footnotes":""},"class_list":["post-2172","page","type-page","status-publish","hentry"],"_links":{"self":[{"href":"https:\/\/www.ksb-mol.de\/%20startseite%202025\/wp-json\/wp\/v2\/pages\/2172","targetHints":{"allow":["GET"]}}],"collection":[{"href":"https:\/\/www.ksb-mol.de\/%20startseite%202025\/wp-json\/wp\/v2\/pages"}],"about":[{"href":"https:\/\/www.ksb-mol.de\/%20startseite%202025\/wp-json\/wp\/v2\/types\/page"}],"author":[{"embeddable":true,"href":"https:\/\/www.ksb-mol.de\/%20startseite%202025\/wp-json\/wp\/v2\/users\/3"}],"replies":[{"embeddable":true,"href":"https:\/\/www.ksb-mol.de\/%20startseite%202025\/wp-json\/wp\/v2\/comments?post=2172"}],"version-history":[{"count":0,"href":"https:\/\/www.ksb-mol.de\/%20startseite%202025\/wp-json\/wp\/v2\/pages\/2172\/revisions"}],"wp:attachment":[{"href":"https:\/\/www.ksb-mol.de\/%20startseite%202025\/wp-json\/wp\/v2\/media?parent=2172"}],"curies":[{"name":"wp","href":"https:\/\/api.w.org\/{rel}","templated":true}]}}