{"id":2161,"date":"2022-11-28T13:11:03","date_gmt":"2022-11-28T12:11:03","guid":{"rendered":"https:\/\/www.ksb-mol.de\/?page_id=2161"},"modified":"2022-11-28T13:51:19","modified_gmt":"2022-11-28T12:51:19","slug":"vereinsinfoabend-23-11-2022-trebnitz","status":"publish","type":"page","link":"https:\/\/www.ksb-mol.de\/%20startseite%202025\/vereinsinfoabend-23-11-2022-trebnitz\/","title":{"rendered":"Vereinsinfoabend 23.11.2022 Trebnitz"},"content":{"rendered":"<p>[et_pb_section fb_built=&#8220;1&#8243; _builder_version=&#8220;4.17.4&#8243; _module_preset=&#8220;default&#8220; global_colors_info=&#8220;{}&#8220;][et_pb_row _builder_version=&#8220;4.17.4&#8243; _module_preset=&#8220;default&#8220; global_colors_info=&#8220;{}&#8220;][et_pb_column type=&#8220;4_4&#8243; _builder_version=&#8220;4.17.4&#8243; _module_preset=&#8220;default&#8220; global_colors_info=&#8220;{}&#8220;][et_pb_text _builder_version=&#8220;4.18.0&#8243; _module_preset=&#8220;default&#8220; global_colors_info=&#8220;{}&#8220;]<\/p>\n<h2><strong>Vereinsinfoabend in Trebnitz, 23.11.2022<\/strong><\/h2>\n<p>[\/et_pb_text][\/et_pb_column][\/et_pb_row][et_pb_row column_structure=&#8220;1_3,1_3,1_3&#8243; _builder_version=&#8220;4.17.4&#8243; _module_preset=&#8220;default&#8220; global_colors_info=&#8220;{}&#8220;][et_pb_column type=&#8220;1_3&#8243; _builder_version=&#8220;4.17.4&#8243; _module_preset=&#8220;default&#8220; global_colors_info=&#8220;{}&#8220;][et_pb_blurb title=&#8220;%22Wie weiter mit steigenden Energiekosten?%22&#8230;&#8220; image=&#8220;https:\/\/www.ksb-mol.de\/wp-content\/uploads\/2022\/10\/Flutlicht-1.jpg&#8220; _builder_version=&#8220;4.18.0&#8243; _module_preset=&#8220;default&#8220; global_colors_info=&#8220;{}&#8220;]<\/p>\n<p>war das Thema des Vereinsinfoabends am 23.11.2022 in Trebnitz. Der Einladung sind viele Vertreter der Sportvereine gefolgt, die nicht nur selbst Sportst\u00e4tten betreiben, sondern auch kommunale Pl\u00e4tze und Sporthallen nutzen.<\/p>\n<p>[\/et_pb_blurb][et_pb_text _builder_version=&#8220;4.18.0&#8243; _module_preset=&#8220;default&#8220; global_colors_info=&#8220;{}&#8220;]<\/p>\n<p>Aktuell l\u00e4uft die F\u00f6rderung des Goldenen Plans in den Landkreisen. Das Budget in MOL ist vollst\u00e4ndig verplant, jedoch ist eine Antragsstellung weiterhin m\u00f6glich, so dass es Nachr\u00fccker eventuell auf die Priorit\u00e4tenliste schaffen k\u00f6nnen. Ebenso steigt mit Antr\u00e4gen die Bedarfsliste, die k\u00fcnftig entscheidend sein wird, wenn erneut F\u00f6rderungen von Bauma\u00dfnahmen aufgelegt werden.<\/p>\n<p>[\/et_pb_text][\/et_pb_column][et_pb_column type=&#8220;1_3&#8243; _builder_version=&#8220;4.17.4&#8243; _module_preset=&#8220;default&#8220; global_colors_info=&#8220;{}&#8220;][et_pb_image src=&#8220;https:\/\/www.ksb-mol.de\/wp-content\/uploads\/2022\/11\/Trebnitz-1-scaled.jpg&#8220; title_text=&#8220;Trebnitz 1&#8243; _builder_version=&#8220;4.18.0&#8243; _module_preset=&#8220;default&#8220; global_colors_info=&#8220;{}&#8220;][\/et_pb_image][et_pb_text _builder_version=&#8220;4.18.0&#8243; _module_preset=&#8220;default&#8220; link_option_url=&#8220;https:\/\/mbjs.brandenburg.de\/aktuelles\/pressemitteilungen.html?news=bb1.c.747041.de&#8220; global_colors_info=&#8220;{}&#8220;]<\/p>\n<p>Der Vorstand berichtete, dass aus der <span style=\"color: #e09900;\">Landesregierung\u00a0 <\/span>die Nachricht aktuell kam, dass es erneut via 2021 eine finanzielle Unterst\u00fctzung der Mitgliedsvereine des LSB Brandenburg e. V. geben wird. Mit einer F\u00f6rderung von 8,00 \u20ac pro Mitglied sollen zun\u00e4chst einmal die R\u00fcckst\u00e4nde, die durch die Corona-Ma\u00dfnahmen entstanden sind, aufgeholt werden.<\/p>\n<p>Des weiteren berichtet Kristy Augustin, dass 3,5 Millionen 2023\/2024 zus\u00e4tzlich in den organisierten Sport flie\u00dfen sollen. Unter anderem sollen diese Gelder auch f\u00fcr\u00a0 Energiekostenzahlungen genutzt werden.<\/p>\n<p>[\/et_pb_text][\/et_pb_column][et_pb_column type=&#8220;1_3&#8243; _builder_version=&#8220;4.17.4&#8243; _module_preset=&#8220;default&#8220; global_colors_info=&#8220;{}&#8220;][et_pb_text _builder_version=&#8220;4.18.0&#8243; _module_preset=&#8220;default&#8220; global_colors_info=&#8220;{}&#8220;]<\/p>\n<p>Nicht nur Energiepreise standen im Mittelpunkt, sondern auch die Probleme der Sportvereine, langfristig junge Menschen an die Vereinen zu binden. Hierbei ging es weniger um den sportlichen Nachwuchs, sondern vermehrt um die \u00dcbernahme von Funktionen und \u00c4mtern in den Vorst\u00e4nden und Abteilungen.<\/p>\n<p>[\/et_pb_text][et_pb_image src=&#8220;https:\/\/www.ksb-mol.de\/wp-content\/uploads\/2022\/11\/Trebnitz-4-scaled.jpg&#8220; title_text=&#8220;Trebnitz 4&#8243; _builder_version=&#8220;4.18.0&#8243; _module_preset=&#8220;default&#8220; global_colors_info=&#8220;{}&#8220;][\/et_pb_image][et_pb_text _builder_version=&#8220;4.18.0&#8243; _module_preset=&#8220;default&#8220; global_colors_info=&#8220;{}&#8220;]<\/p>\n<p>Um Interessen der Sportvereine zu wahren und zu unterst\u00fctzen ist es k\u00fcnftig auch n\u00f6tig, politische \u00c4mter durch Vereinsvertreter zu besetzen. Nur so kann langfristig die Zukunft der Sportvereine gesichert werden.<\/p>\n<p>[\/et_pb_text][\/et_pb_column][\/et_pb_row][\/et_pb_section]<\/p>\n","protected":false},"excerpt":{"rendered":"<p>Vereinsinfoabend in Trebnitz, 23.11.2022war das Thema des Vereinsinfoabends am 23.11.2022 in Trebnitz. Der Einladung sind viele Vertreter der Sportvereine gefolgt, die nicht nur selbst Sportst\u00e4tten betreiben, sondern auch kommunale Pl\u00e4tze [&hellip;]<\/p>\n","protected":false},"author":3,"featured_media":0,"parent":0,"menu_order":0,"comment_status":"closed","ping_status":"closed","template":"","meta":{"_et_pb_use_builder":"on","_et_pb_old_content":"","_et_gb_content_width":"","footnotes":""},"class_list":["post-2161","page","type-page","status-publish","hentry"],"_links":{"self":[{"href":"https:\/\/www.ksb-mol.de\/%20startseite%202025\/wp-json\/wp\/v2\/pages\/2161","targetHints":{"allow":["GET"]}}],"collection":[{"href":"https:\/\/www.ksb-mol.de\/%20startseite%202025\/wp-json\/wp\/v2\/pages"}],"about":[{"href":"https:\/\/www.ksb-mol.de\/%20startseite%202025\/wp-json\/wp\/v2\/types\/page"}],"author":[{"embeddable":true,"href":"https:\/\/www.ksb-mol.de\/%20startseite%202025\/wp-json\/wp\/v2\/users\/3"}],"replies":[{"embeddable":true,"href":"https:\/\/www.ksb-mol.de\/%20startseite%202025\/wp-json\/wp\/v2\/comments?post=2161"}],"version-history":[{"count":0,"href":"https:\/\/www.ksb-mol.de\/%20startseite%202025\/wp-json\/wp\/v2\/pages\/2161\/revisions"}],"wp:attachment":[{"href":"https:\/\/www.ksb-mol.de\/%20startseite%202025\/wp-json\/wp\/v2\/media?parent=2161"}],"curies":[{"name":"wp","href":"https:\/\/api.w.org\/{rel}","templated":true}]}}