{"id":1853,"date":"2022-07-08T11:09:25","date_gmt":"2022-07-08T09:09:25","guid":{"rendered":"https:\/\/www.ksb-mol.de\/?page_id=1853"},"modified":"2025-10-15T12:34:06","modified_gmt":"2025-10-15T10:34:06","slug":"foerderung-bildung","status":"publish","type":"page","link":"https:\/\/www.ksb-mol.de\/%20startseite%202025\/foerderung-bildung\/","title":{"rendered":"Aktuelles Bildung"},"content":{"rendered":"<p>[et_pb_section fb_built=&#8220;1&#8243; admin_label=&#8220;Landing Hero&#8220; _builder_version=&#8220;4.16&#8243; _module_preset=&#8220;default&#8220; use_background_color_gradient=&#8220;on&#8220; background_color_gradient_stops=&#8220;#474ab6 0%|#9271f6 100%&#8220; background_color_gradient_start=&#8220;#474ab6&#8243; background_color_gradient_end=&#8220;#9271f6&#8243; background_image=&#8220;https:\/\/www.ksb-mol.de\/wp-content\/uploads\/2022\/06\/coding-background-texture.jpg&#8220; background_blend=&#8220;overlay&#8220; custom_padding=&#8220;100px|0px|100px|0px&#8220; animation_style=&#8220;slide&#8220; animation_direction=&#8220;top&#8220; animation_intensity_slide=&#8220;2%&#8220; locked=&#8220;off&#8220; global_colors_info=&#8220;{}&#8220;][et_pb_row column_structure=&#8220;1_2,1_2&#8243; _builder_version=&#8220;4.17.4&#8243; _module_preset=&#8220;default&#8220; custom_margin=&#8220;|||&#8220; custom_width_px=&#8220;1280px&#8220; global_colors_info=&#8220;{}&#8220;][et_pb_column type=&#8220;1_2&#8243; _builder_version=&#8220;4.16&#8243; _module_preset=&#8220;default&#8220; custom_padding=&#8220;|||&#8220; global_colors_info=&#8220;{}&#8220; custom_padding__hover=&#8220;|||&#8220;][et_pb_text _builder_version=&#8220;4.17.4&#8243; _module_preset=&#8220;default&#8220; header_font=&#8220;|on|||&#8220; header_font_size=&#8220;42px&#8220; header_line_height=&#8220;1.3em&#8220; background_layout=&#8220;dark&#8220; custom_padding=&#8220;|||&#8220; header_font_size_last_edited=&#8220;off|desktop&#8220; locked=&#8220;off&#8220; global_colors_info=&#8220;{}&#8220;]<\/p>\n<h1>Aktuelle Informationen: Bildung im Sport<\/h1>\n<p>[\/et_pb_text][et_pb_button _builder_version=&#8220;4.20.2&#8243; _module_preset=&#8220;default&#8220; custom_button=&#8220;on&#8220; button_text_size=&#8220;16px&#8220; button_text_color=&#8220;#ffffff&#8220; button_bg_color=&#8220;#09e1c0&#8243; button_border_width=&#8220;10px&#8220; button_border_color=&#8220;#09e1c0&#8243; button_border_radius=&#8220;100px&#8220; button_letter_spacing=&#8220;1px&#8220; button_font=&#8220;|on||on|&#8220; button_icon=&#8220;&#x45;||divi||400&#8243; button_on_hover=&#8220;off&#8220; custom_margin=&#8220;20px|||&#8220; animation_style=&#8220;zoom&#8220; animation_delay=&#8220;100ms&#8220; animation_intensity_zoom=&#8220;10%&#8220; box_shadow_style=&#8220;preset1&#8243; box_shadow_vertical=&#8220;10px&#8220; box_shadow_blur=&#8220;50px&#8220; box_shadow_spread=&#8220;5px&#8220; box_shadow_color=&#8220;rgba(0,188,160,0.6)&#8220; button_letter_spacing_hover=&#8220;2px&#8220; saved_tabs=&#8220;all&#8220; locked=&#8220;off&#8220; global_colors_info=&#8220;{}&#8220; button_text_size__hover_enabled=&#8220;off&#8220; button_text_size__hover=&#8220;null&#8220; button_one_text_size__hover_enabled=&#8220;off&#8220; button_one_text_size__hover=&#8220;null&#8220; button_two_text_size__hover_enabled=&#8220;off&#8220; button_two_text_size__hover=&#8220;null&#8220; button_text_color__hover_enabled=&#8220;off&#8220; button_text_color__hover=&#8220;null&#8220; button_one_text_color__hover_enabled=&#8220;off&#8220; button_one_text_color__hover=&#8220;null&#8220; button_two_text_color__hover_enabled=&#8220;off&#8220; button_two_text_color__hover=&#8220;null&#8220; button_border_width__hover_enabled=&#8220;off&#8220; button_border_width__hover=&#8220;null&#8220; button_one_border_width__hover_enabled=&#8220;off&#8220; button_one_border_width__hover=&#8220;null&#8220; button_two_border_width__hover_enabled=&#8220;off&#8220; button_two_border_width__hover=&#8220;null&#8220; button_border_color__hover_enabled=&#8220;off&#8220; button_border_color__hover=&#8220;null&#8220; button_one_border_color__hover_enabled=&#8220;off&#8220; button_one_border_color__hover=&#8220;null&#8220; button_two_border_color__hover_enabled=&#8220;off&#8220; button_two_border_color__hover=&#8220;null&#8220; button_border_radius__hover_enabled=&#8220;off&#8220; button_border_radius__hover=&#8220;null&#8220; button_one_border_radius__hover_enabled=&#8220;off&#8220; button_one_border_radius__hover=&#8220;null&#8220; button_two_border_radius__hover_enabled=&#8220;off&#8220; button_two_border_radius__hover=&#8220;null&#8220; button_letter_spacing__hover_enabled=&#8220;on&#8220; button_letter_spacing__hover=&#8220;2px&#8220; button_one_letter_spacing__hover_enabled=&#8220;off&#8220; button_one_letter_spacing__hover=&#8220;null&#8220; button_two_letter_spacing__hover_enabled=&#8220;off&#8220; button_two_letter_spacing__hover=&#8220;null&#8220; button_bg_color__hover_enabled=&#8220;off&#8220; button_bg_color__hover=&#8220;null&#8220; button_one_bg_color__hover_enabled=&#8220;off&#8220; button_one_bg_color__hover=&#8220;null&#8220; button_two_bg_color__hover_enabled=&#8220;off&#8220; button_two_bg_color__hover=&#8220;null&#8220;][\/et_pb_button][\/et_pb_column][et_pb_column type=&#8220;1_2&#8243; _builder_version=&#8220;4.16&#8243; _module_preset=&#8220;default&#8220; custom_padding=&#8220;|||&#8220; global_colors_info=&#8220;{}&#8220; custom_padding__hover=&#8220;|||&#8220;][\/et_pb_column][\/et_pb_row][et_pb_row column_structure=&#8220;3_5,2_5&#8243; _builder_version=&#8220;4.23.4&#8243; _module_preset=&#8220;default&#8220; global_colors_info=&#8220;{}&#8220;][et_pb_column type=&#8220;3_5&#8243; _builder_version=&#8220;4.19.1&#8243; _module_preset=&#8220;default&#8220; global_colors_info=&#8220;{}&#8220;][et_pb_text _builder_version=&#8220;4.27.0&#8243; _module_preset=&#8220;default&#8220; global_colors_info=&#8220;{}&#8220;]<\/p>\n<p>Aktuelle Fortbildungen sind f\u00fcr den 09.11. 2024 in Seelow und den 23.11. 2024 in Strausberg geplant. (siehe Fortbildungen&#8230;)<\/p>\n<p>[\/et_pb_text][\/et_pb_column][et_pb_column type=&#8220;2_5&#8243; _builder_version=&#8220;4.19.1&#8243; _module_preset=&#8220;default&#8220; global_colors_info=&#8220;{}&#8220;][et_pb_image src=&#8220;https:\/\/www.ksb-mol.de\/wp-content\/uploads\/2023\/06\/Richtig-Tapen-2-scaled.jpg&#8220; title_text=&#8220;Richtig Tapen 2&#8243; _builder_version=&#8220;4.27.0&#8243; _module_preset=&#8220;default&#8220; global_colors_info=&#8220;{}&#8220;][\/et_pb_image][\/et_pb_column][\/et_pb_row][et_pb_row _builder_version=&#8220;4.21.0&#8243; _module_preset=&#8220;default&#8220; global_colors_info=&#8220;{}&#8220;][et_pb_column type=&#8220;4_4&#8243; _builder_version=&#8220;4.21.0&#8243; _module_preset=&#8220;default&#8220; global_colors_info=&#8220;{}&#8220;][\/et_pb_column][\/et_pb_row][\/et_pb_section][et_pb_section fb_built=&#8220;1&#8243; specialty=&#8220;on&#8220; admin_label=&#8220;All Courses&#8220; _builder_version=&#8220;4.16&#8243; _module_preset=&#8220;default&#8220; custom_padding=&#8220;100px|0px|100px|0px&#8220; global_colors_info=&#8220;{}&#8220;][et_pb_column type=&#8220;1_3&#8243; _builder_version=&#8220;4.16&#8243; _module_preset=&#8220;default&#8220; custom_padding=&#8220;|||&#8220; global_colors_info=&#8220;{}&#8220; parallax__hover=&#8220;off&#8220; parallax_method__hover=&#8220;on&#8220; custom_padding__hover=&#8220;|||&#8220;][et_pb_divider color=&#8220;#09e1c0&#8243; divider_weight=&#8220;4px&#8220; disabled_on=&#8220;on|on|off&#8220; _builder_version=&#8220;4.16&#8243; _module_preset=&#8220;default&#8220; background_size=&#8220;initial&#8220; background_position=&#8220;top_left&#8220; background_repeat=&#8220;repeat&#8220; max_width=&#8220;40px&#8220; module_alignment=&#8220;left&#8220; custom_margin=&#8220;||10px|&#8220; animation_style=&#8220;zoom&#8220; animation_direction=&#8220;left&#8220; saved_tabs=&#8220;all&#8220; locked=&#8220;off&#8220; global_colors_info=&#8220;{}&#8220;][\/et_pb_divider][et_pb_image src=&#8220;https:\/\/www.ksb-mol.de\/wp-content\/uploads\/2025\/10\/Glanzleister.jpg&#8220; title_text=&#8220;Layout 1&#8243; _builder_version=&#8220;4.27.4&#8243; _module_preset=&#8220;default&#8220; hover_enabled=&#8220;0&#8243; global_colors_info=&#8220;{}&#8220; sticky_enabled=&#8220;0&#8243;][\/et_pb_image][et_pb_image src=&#8220;https:\/\/www.ksb-mol.de\/wp-content\/uploads\/2021\/03\/Volleyball.png&#8220; title_text=&#8220;Volleyball&#8220; _builder_version=&#8220;4.18.0&#8243; _module_preset=&#8220;default&#8220; global_colors_info=&#8220;{}&#8220;][\/et_pb_image][\/et_pb_column][et_pb_column type=&#8220;2_3&#8243; specialty_columns=&#8220;2&#8243; _builder_version=&#8220;4.16&#8243; _module_preset=&#8220;default&#8220; custom_padding=&#8220;|||&#8220; global_colors_info=&#8220;{}&#8220; parallax__hover=&#8220;off&#8220; parallax_method__hover=&#8220;on&#8220; custom_padding__hover=&#8220;|||&#8220;][et_pb_row_inner column_structure=&#8220;1_2,1_2&#8243; use_custom_gutter=&#8220;on&#8220; gutter_width=&#8220;1&#8243; _builder_version=&#8220;4.23.4&#8243; _module_preset=&#8220;default&#8220; custom_padding=&#8220;0px|0px|0px|0px&#8220; animation_style=&#8220;zoom&#8220; animation_intensity_zoom=&#8220;6%&#8220; box_shadow_style=&#8220;preset1&#8243; box_shadow_vertical=&#8220;10px&#8220; box_shadow_blur=&#8220;60px&#8220; box_shadow_color=&#8220;rgba(71,74,182,0.12)&#8220; global_colors_info=&#8220;{}&#8220;][et_pb_column_inner type=&#8220;1_2&#8243; saved_specialty_column_type=&#8220;2_3&#8243; module_class=&#8220;et_pb_column_1_2&#8243; _builder_version=&#8220;4.16&#8243; _module_preset=&#8220;default&#8220; custom_padding=&#8220;|||&#8220; global_colors_info=&#8220;{}&#8220; parallax__hover=&#8220;off&#8220; parallax_method__hover=&#8220;on&#8220; module_class__hover=&#8220;et_pb_column_1_2&#8243; custom_padding__hover=&#8220;|||&#8220;][et_pb_blurb title=&#8220;Ausbildungstermine ESAB&#8220; url=&#8220;https:\/\/www.sportland-bildung.de\/vasuche.html?client_id=4&#8243; image=&#8220;https:\/\/www.ksb-mol.de\/wp-content\/uploads\/2024\/02\/ESAB_Logo_FH_Potsdam.jpg&#8220; icon_placement=&#8220;left&#8220; image_icon_width=&#8220;64px&#8220; content_max_width=&#8220;1100px&#8220; _builder_version=&#8220;4.23.4&#8243; _module_preset=&#8220;default&#8220; header_font=&#8220;|on|||&#8220; header_text_color=&#8220;#2e2545&#8243; header_line_height=&#8220;1.5em&#8220; body_text_color=&#8220;#8585bd&#8220; body_line_height=&#8220;1.9em&#8220; background_color=&#8220;#ffffff&#8220; custom_margin=&#8220;|||&#8220; custom_padding=&#8220;30px|30px|30px|30px&#8220; animation_style=&#8220;zoom&#8220; animation_direction=&#8220;bottom&#8220; animation_intensity_zoom=&#8220;20%&#8220; animation_starting_opacity=&#8220;100%&#8220; box_shadow_style=&#8220;preset7&#8243; box_shadow_horizontal=&#8220;-1px&#8220; box_shadow_vertical=&#8220;-1px&#8220; box_shadow_color=&#8220;rgba(71,74,182,0.12)&#8220; image_max_width=&#8220;64px&#8220; locked=&#8220;off&#8220; global_colors_info=&#8220;{}&#8220;]<\/p>\n<p><img loading=\"lazy\" decoding=\"async\" src=\"https:\/\/www.ksb-mol.de\/wp-content\/uploads\/2024\/02\/ESAB_Logo_FH_Potsdam-300x126.jpg\" width=\"300\" height=\"126\" alt=\"\" class=\"wp-image-2703 alignright size-medium\" \/><\/p>\n<p>[\/et_pb_blurb][et_pb_blurb title=&#8220;DOSB &#8211; Lizenz als Qualit\u00e4tsmerkmal&#8220; url=&#8220;#&#8220; image=&#8220;https:\/\/www.ksb-mol.de\/wp-content\/uploads\/2022\/07\/dosb.png&#8220; icon_placement=&#8220;left&#8220; image_icon_width=&#8220;64px&#8220; content_max_width=&#8220;1100px&#8220; _builder_version=&#8220;4.17.4&#8243; _module_preset=&#8220;default&#8220; header_font=&#8220;|on|||&#8220; header_text_color=&#8220;#2e2545&#8243; header_line_height=&#8220;1.5em&#8220; body_text_color=&#8220;#8585bd&#8220; body_line_height=&#8220;1.9em&#8220; background_color=&#8220;#ffffff&#8220; custom_margin=&#8220;|||&#8220; custom_padding=&#8220;30px|30px|30px|30px&#8220; animation_style=&#8220;zoom&#8220; animation_direction=&#8220;bottom&#8220; animation_intensity_zoom=&#8220;20%&#8220; animation_starting_opacity=&#8220;100%&#8220; box_shadow_style=&#8220;preset7&#8243; box_shadow_horizontal=&#8220;-1px&#8220; box_shadow_vertical=&#8220;-1px&#8220; box_shadow_color=&#8220;rgba(71,74,182,0.12)&#8220; image_max_width=&#8220;64px&#8220; locked=&#8220;off&#8220; global_colors_info=&#8220;{}&#8220;]<\/p>\n<p><strong>DOSB-Lizenzen sind Qualit\u00e4tsmerkmale<\/strong><\/p>\n<p>Viele staatliche und gesellschaftliche Institutionen erkennen DOSB-Lizenzen in ihren Systemen an.<\/p>\n<p>&nbsp;<\/p>\n<p>[\/et_pb_blurb][et_pb_blurb title=&#8220;G\u00fcltigkeit von Lizenzen&#8220; url=&#8220;https:\/\/lsb-brandenburg.de\/news\/neuer-service-dosb-lizenz-mit-nur-wenigen-klicks-verlaengern\/#:~:text=Info%3A%20Die%20DOSB%2DLizenzen%20sind,15%20Lerneinheiten%20(LE)%20ben%C3%B6tigt.&#8220; image=&#8220;https:\/\/www.ksb-mol.de\/wp-content\/uploads\/2022\/07\/dosb.png&#8220; icon_placement=&#8220;left&#8220; image_icon_width=&#8220;64px&#8220; content_max_width=&#8220;1100px&#8220; _builder_version=&#8220;4.17.4&#8243; _module_preset=&#8220;default&#8220; header_font=&#8220;|on|||&#8220; header_text_color=&#8220;#2e2545&#8243; header_line_height=&#8220;1.5em&#8220; body_text_color=&#8220;#8585bd&#8220; body_line_height=&#8220;1.9em&#8220; background_color=&#8220;#ffffff&#8220; custom_margin=&#8220;|||&#8220; custom_padding=&#8220;30px|30px|30px|30px&#8220; animation_style=&#8220;zoom&#8220; animation_direction=&#8220;bottom&#8220; animation_intensity_zoom=&#8220;20%&#8220; animation_starting_opacity=&#8220;100%&#8220; box_shadow_style=&#8220;preset7&#8243; box_shadow_horizontal=&#8220;-1px&#8220; box_shadow_vertical=&#8220;-1px&#8220; box_shadow_color=&#8220;rgba(71,74,182,0.12)&#8220; image_max_width=&#8220;64px&#8220; locked=&#8220;off&#8220; global_colors_info=&#8220;{}&#8220;]<\/p>\n<p>Eine DOSB &#8211; Lizenz ist in der Regel 4 Jahre g\u00fcltig und kann mit 15 LE verl\u00e4ngert werden.<\/p>\n<p>&nbsp;<\/p>\n<p>[\/et_pb_blurb][\/et_pb_column_inner][et_pb_column_inner type=&#8220;1_2&#8243; saved_specialty_column_type=&#8220;2_3&#8243; module_class=&#8220;et_pb_column_1_2&#8243; _builder_version=&#8220;4.16&#8243; _module_preset=&#8220;default&#8220; custom_padding=&#8220;|||&#8220; global_colors_info=&#8220;{}&#8220; parallax__hover=&#8220;off&#8220; parallax_method__hover=&#8220;on&#8220; module_class__hover=&#8220;et_pb_column_1_2&#8243; custom_padding__hover=&#8220;|||&#8220;][et_pb_blurb title=&#8220;\u00dcbungsleiter &#8211; Ausbildung &#8220; url=&#8220;https:\/\/www.ksb-mol.de\/uebungsleiterausbildung\/&#8220; image=&#8220;https:\/\/www.ksb-mol.de\/wp-content\/uploads\/2022\/07\/logoksb.gif&#8220; icon_placement=&#8220;left&#8220; image_icon_width=&#8220;64px&#8220; content_max_width=&#8220;1100px&#8220; _builder_version=&#8220;4.18.0&#8243; _module_preset=&#8220;default&#8220; header_font=&#8220;|on|||&#8220; header_text_color=&#8220;#2e2545&#8243; header_line_height=&#8220;1.5em&#8220; body_text_color=&#8220;#8585bd&#8220; body_line_height=&#8220;1.9em&#8220; background_color=&#8220;#ffffff&#8220; custom_margin=&#8220;|||&#8220; custom_padding=&#8220;30px|30px|30px|30px&#8220; animation_style=&#8220;zoom&#8220; animation_direction=&#8220;bottom&#8220; animation_intensity_zoom=&#8220;20%&#8220; animation_starting_opacity=&#8220;100%&#8220; box_shadow_style=&#8220;preset7&#8243; box_shadow_horizontal=&#8220;-1px&#8220; box_shadow_vertical=&#8220;-1px&#8220; box_shadow_color=&#8220;rgba(71,74,182,0.12)&#8220; image_max_width=&#8220;64px&#8220; locked=&#8220;off&#8220; global_colors_info=&#8220;{}&#8220;]<\/p>\n<p>Die n\u00e4chste \u00dcbungsleiter C- Breitensport- Ausbildung startet voraussichtlich wieder im September 2024<\/p>\n<p>[\/et_pb_blurb][et_pb_blurb title=&#8220;F\u00f6rderung Ausbildung KSB MOL e. V. &#8220; url=&#8220;https:\/\/forms.office.com\/pages\/responsepage.aspx?id=is9cPnDnrE6m8_4BSIlHfxn3bxgswBZKnaTySADRI9FUQ05HMTNMT0FGMlVFSTlTWkJGUVVLWDU2VC4u&#8220; image=&#8220;https:\/\/www.ksb-mol.de\/wp-content\/uploads\/2022\/07\/logoksb.gif&#8220; icon_placement=&#8220;left&#8220; image_icon_width=&#8220;64px&#8220; content_max_width=&#8220;1100px&#8220; _builder_version=&#8220;4.21.0&#8243; _module_preset=&#8220;default&#8220; header_font=&#8220;|on|||&#8220; header_text_color=&#8220;#2e2545&#8243; header_line_height=&#8220;1.5em&#8220; body_text_color=&#8220;#8585bd&#8220; body_line_height=&#8220;1.9em&#8220; background_color=&#8220;#ffffff&#8220; custom_margin=&#8220;|||&#8220; custom_padding=&#8220;30px|30px|30px|30px&#8220; animation_style=&#8220;zoom&#8220; animation_direction=&#8220;bottom&#8220; animation_intensity_zoom=&#8220;20%&#8220; animation_starting_opacity=&#8220;100%&#8220; box_shadow_style=&#8220;preset7&#8243; box_shadow_horizontal=&#8220;-1px&#8220; box_shadow_vertical=&#8220;-1px&#8220; box_shadow_color=&#8220;rgba(71,74,182,0.12)&#8220; image_max_width=&#8220;64px&#8220; locked=&#8220;off&#8220; global_colors_info=&#8220;{}&#8220;]<\/p>\n<p>Eine F\u00f6rderung der \u00dcbungsleiterausbildung ist \u00fcber die F\u00f6rderrichtlinie des Landkreises MOL m\u00f6glich.<\/p>\n<p>[\/et_pb_blurb][et_pb_blurb title=&#8220;Juniorcoach&#8220; url=&#8220;https:\/\/www.esab-brandenburg.de\/dosb-aus-fortbildungen\/dosb-lizenzausbildung\/esab-junior-coach\/&#8220; image=&#8220;https:\/\/www.ksb-mol.de\/wp-content\/uploads\/2025\/10\/Traumerfu\u2560eller.jpg&#8220; icon_placement=&#8220;left&#8220; image_icon_width=&#8220;64px&#8220; content_max_width=&#8220;1100px&#8220; _builder_version=&#8220;4.27.4&#8243; _module_preset=&#8220;default&#8220; header_font=&#8220;|on|||&#8220; header_text_color=&#8220;#2e2545&#8243; header_line_height=&#8220;1.5em&#8220; body_text_color=&#8220;#8585bd&#8220; body_line_height=&#8220;1.9em&#8220; background_color=&#8220;#ffffff&#8220; custom_margin=&#8220;|||&#8220; custom_padding=&#8220;30px|30px|30px|30px&#8220; animation_style=&#8220;zoom&#8220; animation_direction=&#8220;bottom&#8220; animation_intensity_zoom=&#8220;20%&#8220; animation_starting_opacity=&#8220;100%&#8220; box_shadow_style=&#8220;preset7&#8243; box_shadow_horizontal=&#8220;-1px&#8220; box_shadow_vertical=&#8220;-1px&#8220; box_shadow_color=&#8220;rgba(71,74,182,0.12)&#8220; image_max_width=&#8220;64px&#8220; locked=&#8220;off&#8220; global_colors_info=&#8220;{}&#8220; title_text=&#8220;Layout 1&#8243;]<\/p>\n<p><span>Erfolgreich ausgebildete Junior-Coaches k\u00f6nnen den Bildungsweg mit einem Aufbaulehrgang fortsetzen.\u00a0<\/span><\/p>\n<p>&nbsp;<\/p>\n<p>[\/et_pb_blurb][et_pb_blurb title=&#8220;Informationen&#8220; url=&#8220;#&#8220; image=&#8220;https:\/\/www.ksb-mol.de\/wp-content\/uploads\/2022\/06\/coding-icon_6.jpg&#8220; icon_placement=&#8220;left&#8220; image_icon_width=&#8220;64px&#8220; content_max_width=&#8220;1100px&#8220; _builder_version=&#8220;4.17.4&#8243; _module_preset=&#8220;default&#8220; header_font=&#8220;|on|||&#8220; header_text_color=&#8220;#2e2545&#8243; header_line_height=&#8220;1.5em&#8220; body_text_color=&#8220;#8585bd&#8220; body_line_height=&#8220;1.9em&#8220; background_color=&#8220;#ffffff&#8220; custom_margin=&#8220;|||&#8220; custom_padding=&#8220;30px|30px|30px|30px&#8220; animation_style=&#8220;zoom&#8220; animation_direction=&#8220;bottom&#8220; animation_intensity_zoom=&#8220;20%&#8220; animation_starting_opacity=&#8220;100%&#8220; box_shadow_style=&#8220;preset7&#8243; box_shadow_horizontal=&#8220;-1px&#8220; box_shadow_vertical=&#8220;-1px&#8220; box_shadow_color=&#8220;rgba(71,74,182,0.12)&#8220; image_max_width=&#8220;64px&#8220; locked=&#8220;off&#8220; global_colors_info=&#8220;{}&#8220;]<\/p>\n<p>Kontakt KSB MOL e. V.: 03346\/8525200<\/p>\n<p>Kontakt ESAB: <span>0331\/ 97198 &#8211; 25<\/span><\/p>\n<p>[\/et_pb_blurb][\/et_pb_column_inner][\/et_pb_row_inner][\/et_pb_column][\/et_pb_section]<\/p>\n","protected":false},"excerpt":{"rendered":"<p>Aktuelle Informationen: Bildung im SportAktuelle Fortbildungen sind f\u00fcr den 09.11. 2024 in Seelow und den 23.11. 2024 in Strausberg geplant. (siehe Fortbildungen&#8230;)DOSB-Lizenzen sind Qualit\u00e4tsmerkmale Viele staatliche und gesellschaftliche Institutionen erkennen [&hellip;]<\/p>\n","protected":false},"author":3,"featured_media":0,"parent":0,"menu_order":0,"comment_status":"closed","ping_status":"closed","template":"","meta":{"_et_pb_use_builder":"on","_et_pb_old_content":"","_et_gb_content_width":"","footnotes":""},"class_list":["post-1853","page","type-page","status-publish","hentry"],"_links":{"self":[{"href":"https:\/\/www.ksb-mol.de\/%20startseite%202025\/wp-json\/wp\/v2\/pages\/1853","targetHints":{"allow":["GET"]}}],"collection":[{"href":"https:\/\/www.ksb-mol.de\/%20startseite%202025\/wp-json\/wp\/v2\/pages"}],"about":[{"href":"https:\/\/www.ksb-mol.de\/%20startseite%202025\/wp-json\/wp\/v2\/types\/page"}],"author":[{"embeddable":true,"href":"https:\/\/www.ksb-mol.de\/%20startseite%202025\/wp-json\/wp\/v2\/users\/3"}],"replies":[{"embeddable":true,"href":"https:\/\/www.ksb-mol.de\/%20startseite%202025\/wp-json\/wp\/v2\/comments?post=1853"}],"version-history":[{"count":0,"href":"https:\/\/www.ksb-mol.de\/%20startseite%202025\/wp-json\/wp\/v2\/pages\/1853\/revisions"}],"wp:attachment":[{"href":"https:\/\/www.ksb-mol.de\/%20startseite%202025\/wp-json\/wp\/v2\/media?parent=1853"}],"curies":[{"name":"wp","href":"https:\/\/api.w.org\/{rel}","templated":true}]}}