{"id":1837,"date":"2022-07-08T10:40:05","date_gmt":"2022-07-08T08:40:05","guid":{"rendered":"https:\/\/www.ksb-mol.de\/?page_id=1837"},"modified":"2025-10-20T11:28:04","modified_gmt":"2025-10-20T09:28:04","slug":"foerderungen-im-sport","status":"publish","type":"page","link":"https:\/\/www.ksb-mol.de\/%20startseite%202025\/foerderungen-im-sport\/","title":{"rendered":"F\u00f6rderungen im Sport"},"content":{"rendered":"<p>[et_pb_section fb_built=&#8220;1&#8243; _builder_version=&#8220;4.16&#8243; _module_preset=&#8220;default&#8220; global_colors_info=&#8220;{}&#8220;][et_pb_row _builder_version=&#8220;4.16&#8243; _module_preset=&#8220;default&#8220; min_height=&#8220;177.8px&#8220; global_colors_info=&#8220;{}&#8220;][et_pb_column type=&#8220;4_4&#8243; _builder_version=&#8220;4.16&#8243; _module_preset=&#8220;default&#8220; global_colors_info=&#8220;{}&#8220;][et_pb_cta title=&#8220;F\u00f6rderungen f\u00fcr Sportvereine&#8220; button_text=&#8220;Klicks&#8220; _builder_version=&#8220;4.17.4&#8243; _module_preset=&#8220;default&#8220; global_colors_info=&#8220;{}&#8220;]<\/p>\n<p>F\u00f6rderungen f\u00fcr Sportvereine existieren in vielf\u00e4ltiger Form und sind je nach F\u00f6rderer unterschiedlich zu beantragen und abzurechnen. Im folgenden geben wir euch ein paar Anregungen welche M\u00f6glichkeiten f\u00fcr Sportvereine existieren und wo Antr\u00e4ge gestellt werden k\u00f6nnen.<\/p>\n<p>Habt ihr konkrete Fragen, dann meldet euch bitte per Mail: info@ksb-mol.de<\/p>\n<p>[\/et_pb_cta][\/et_pb_column][\/et_pb_row][et_pb_row column_structure=&#8220;1_2,1_2&#8243; _builder_version=&#8220;4.17.4&#8243; _module_preset=&#8220;default&#8220; custom_margin=&#8220;|auto||20px||&#8220; custom_padding=&#8220;20px||5px|||&#8220; global_colors_info=&#8220;{}&#8220;][et_pb_column type=&#8220;1_2&#8243; _builder_version=&#8220;4.16&#8243; _module_preset=&#8220;default&#8220; global_colors_info=&#8220;{}&#8220;][et_pb_image src=&#8220;https:\/\/www.ksb-mol.de\/wp-content\/uploads\/2024\/02\/Logo-100.jpg&#8220; title_text=&#8220;Logo-100&#8243; _builder_version=&#8220;4.23.4&#8243; _module_preset=&#8220;default&#8220; width=&#8220;48%&#8220; max_width=&#8220;46%&#8220; global_colors_info=&#8220;{}&#8220;][\/et_pb_image][et_pb_text _builder_version=&#8220;4.23.4&#8243; _module_preset=&#8220;default&#8220; global_colors_info=&#8220;{}&#8220;]<\/p>\n<p>F\u00f6rderungen durch den Landkreis:<a href=\"https:\/\/www.maerkisch-oderland.de\/datei\/anzeigen\/id\/48640,1249\/01062022_sportfoerderrichtlinie.pdf\"><\/a><\/p>\n<p><span style=\"color: #ff0000;\"><strong>Seit dem 01.01.2024 gilt eine neue <a href=\"https:\/\/www.ksb-mol.de\/wp-content\/uploads\/2024\/01\/Sportfoerderrichtlinie-2024-LK-MOL.pdf\">Sportf\u00f6rderrichtlinie<\/a> des Landkreises.<\/strong><\/span><\/p>\n<p>[\/et_pb_text][\/et_pb_column][et_pb_column type=&#8220;1_2&#8243; _builder_version=&#8220;4.17.4&#8243; _module_preset=&#8220;default&#8220; link_option_url=&#8220;https:\/\/www.maerkisch-oderland.de\/datei\/anzeigen\/id\/48640,1249\/01062022_sportfoerderrichtlinie.pdf&#8220; global_colors_info=&#8220;{}&#8220;][et_pb_accordion _builder_version=&#8220;4.23.4&#8243; _module_preset=&#8220;default&#8220; global_colors_info=&#8220;{}&#8220;][et_pb_accordion_item title=&#8220;Was \u00e4ndert sich?&#8220; open=&#8220;on&#8220; _builder_version=&#8220;4.23.4&#8243; _module_preset=&#8220;default&#8220; global_colors_info=&#8220;{}&#8220;]<\/p>\n<p>Die Beantragung der Mittel wird vereinfacht und die Antragsstellung via Formulare von der Homepage des Landkreises (<a href=\"https:\/\/www.maerkisch-oderland.de\/de\/formulare.html\">https:\/\/www.maerkisch-oderland.de\/de\/formulare.html<\/a>) weiterhin m\u00f6glich.\u00a0<\/p>\n<p>Antragsfristen \u00dcbungsleiterf\u00f6rderung: 30.04.\u00a0 (wie gehabt)<\/p>\n<p>30.06. Nutzung Sportst\u00e4tte<\/p>\n<p>Einzelne F\u00f6rdergegenst\u00e4nde sind zusammengefasst worden und befinden sich unter dem Punkt 2.4 &#8222;Sonstige Sportf\u00f6rderung&#8220;<\/p>\n<p>Bei Fragen: m.lindner@ksb-mol.de<\/p>\n<p>[\/et_pb_accordion_item][et_pb_accordion_item title=&#8220;Formulare&#8220; _builder_version=&#8220;4.17.4&#8243; _module_preset=&#8220;default&#8220; global_colors_info=&#8220;{}&#8220; open=&#8220;off&#8220;]<\/p>\n<p>&nbsp;<\/p>\n<p><a href=\"https:\/\/www.maerkisch-oderland.de\/de\/formulare.html\">https:\/\/www.maerkisch-oderland.de\/de\/formulare.html<\/a><\/p>\n<p>&nbsp;<\/p>\n<p>[\/et_pb_accordion_item][\/et_pb_accordion][\/et_pb_column][\/et_pb_row][et_pb_row column_structure=&#8220;1_2,1_2&#8243; _builder_version=&#8220;4.17.4&#8243; _module_preset=&#8220;default&#8220; global_colors_info=&#8220;{}&#8220;][et_pb_column type=&#8220;1_2&#8243; _builder_version=&#8220;4.17.4&#8243; _module_preset=&#8220;default&#8220; global_colors_info=&#8220;{}&#8220;][et_pb_accordion _builder_version=&#8220;4.17.4&#8243; _module_preset=&#8220;default&#8220; global_colors_info=&#8220;{}&#8220;][et_pb_accordion_item title=&#8220;F\u00f6rderungen durch den Landessportbund Brandenburg: &#8220; open=&#8220;on&#8220; _builder_version=&#8220;4.17.4&#8243; _module_preset=&#8220;default&#8220; global_colors_info=&#8220;{}&#8220;]<\/p>\n<p>Die F\u00f6rderungen durch den Landessportbund sind sehr vielseitig. Im gesamten Format, aber auch in Einzelthemen kann die Richtlinie unter:<\/p>\n<blockquote class=\"wp-embedded-content\" data-secret=\"QokP1chu4J\"><p><a href=\"https:\/\/lsb-brandenburg.de\/sportfoerderung\/\">Sportf\u00f6rderung<\/a><\/p><\/blockquote>\n<p><iframe loading=\"lazy\" class=\"wp-embedded-content\" sandbox=\"allow-scripts\" security=\"restricted\" style=\"position: absolute; clip: rect(1px, 1px, 1px, 1px);\" title=\"&#8222;Sportf\u00f6rderung&#8220; &#8212; Landessportbund Brandenburg e.V.\" src=\"https:\/\/lsb-brandenburg.de\/sportfoerderung\/embed\/#?secret=ojtf02EfbO#?secret=QokP1chu4J\" data-secret=\"QokP1chu4J\" width=\"600\" height=\"338\" frameborder=\"0\" marginwidth=\"0\" marginheight=\"0\" scrolling=\"no\"><\/iframe><\/p>\n<p>aufgerufen werden.<\/p>\n<p>[\/et_pb_accordion_item][et_pb_accordion_item title=&#8220;Sportst\u00e4ttenbau:&#8220; _builder_version=&#8220;4.17.4&#8243; _module_preset=&#8220;default&#8220; global_colors_info=&#8220;{}&#8220; open=&#8220;off&#8220;]<\/p>\n<p>Sportst\u00e4ttenf\u00f6rderungen (5.1):\u00a0<\/p>\n<p>Energiesparende Ma\u00dfnahmen an Sportanlagen und sportgenutzten Geb\u00e4uden,\u00a0<br \/>Instandsetzungen,\u00a0 Wiederherstellung und der Verbesserung der Sportnutzung der Geb\u00e4ude und Anlagen<\/p>\n<p>&#8211; Modernisierungen und Umbauten bestehender Geb\u00e4ude und Anlagen, wie u.a. neue Heizungsanlagen,<br \/>Sanit\u00e4reinrichtungen, Fenster, W\u00e4rmed\u00e4mmungen;<br \/>&#8211; Neu- und Erweiterungsbauten bei nachgewiesenem Bedarf, wobei Um- und Erweiterungsvorhaben (z.B.<br \/>Aufstockung oder Anbauten) den Vorrang vor Neubauten haben;<br \/>&#8211; Ma\u00dfnahmen an Sportanlagen und erg\u00e4nzenden Einrichtungen f\u00fcr die Einhaltung und Verbesserung des<br \/>Umwelt- und Naturschutzes;<br \/>&#8211; Ma\u00dfnahmen f\u00fcr den barrierefreien Ausbau von Sportanlagen und erg\u00e4nzenden Einrichtungen;<br \/>&#8211; Planungsleistungen sowie Grund- und Erstausstattungen im Zusammenhang mit einer beabsichtigten<br \/>Bauma\u00dfnahme im Rahmen der Gesamtkosten.<\/p>\n<p><a href=\"https:\/\/lsb-brandenburg.de\/wp-content\/uploads\/2021\/11\/frl21_51-1_Sportstaettenbau.pdf\">https:\/\/lsb-brandenburg.de\/wp-content\/uploads\/2021\/11\/frl21_51-1_Sportstaettenbau.pdf<\/a><\/p>\n<p>&nbsp;<\/p>\n<p>&nbsp;<\/p>\n<p>[\/et_pb_accordion_item][\/et_pb_accordion][et_pb_accordion _builder_version=&#8220;4.17.4&#8243; _module_preset=&#8220;default&#8220; global_colors_info=&#8220;{}&#8220;][et_pb_accordion_item title=&#8220;Projektf\u00f6rderung&#8220; open=&#8220;on&#8220; _builder_version=&#8220;4.17.4&#8243; _module_preset=&#8220;default&#8220; global_colors_info=&#8220;{}&#8220;]<\/p>\n<p>Gegenstand der F\u00f6rderung<br \/>ist die Bezuschussung der Ausgaben f\u00fcr neugegr\u00fcndete M\u00e4dchen- und Frauensportgruppen oder Frauensportvereine, f\u00fcr neugegr\u00fcndete Seniorensportgruppen oder Seniorensportvereine sowie f\u00fcr neugegr\u00fcndete<br \/>Gesundheitssportgruppen oder Gesundheitssportvereine bzw. deren Erweiterungen in einem Sportverein.<\/p>\n<p><a href=\"https:\/\/lsb-brandenburg.de\/wp-content\/uploads\/2021\/11\/frl21_74-1_Projektfoerderung.pdf\">https:\/\/lsb-brandenburg.de\/wp-content\/uploads\/2021\/11\/frl21_74-1_Projektfoerderung.pdf<\/a><\/p>\n<p>&nbsp;<\/p>\n<p>[\/et_pb_accordion_item][et_pb_accordion_item title=&#8220;Kooperation Schule und Sportverein&#8220; _builder_version=&#8220;4.17.4&#8243; _module_preset=&#8220;default&#8220; global_colors_info=&#8220;{}&#8220; open=&#8220;off&#8220;]<\/p>\n<p>Gegenstand der F\u00f6rderung<br \/>ist die Bezuschussung von Kooperationsma\u00dfnahmen zwischen Sportvereinen\/LFV und Schulen im Land<br \/>Brandenburg.<br \/>Ziel ist es, dass die Kinder und Jugendlichen nach Ablauf der Kooperationsma\u00dfnahme am Ende eines<br \/>Schuljahres ihre regelm\u00e4\u00dfige sportliche Bet\u00e4tigung m\u00f6glichst im Sportverein fortsetzen.<br \/>Die Ma\u00dfnahmen sind schulische Veranstaltungen und die Teilnehmer somit \u00fcber die Unfallkasse des<br \/>Landes Brandenburg versichert.<\/p>\n<p>https:\/\/lsb-brandenburg.de\/wp-content\/uploads\/2021\/11\/frl21_71-1_KooperationSVLFVSchule.pdf<\/p>\n<p>[\/et_pb_accordion_item][et_pb_accordion_item title=&#8220;Kooperation Kita und Sportverein&#8220; _builder_version=&#8220;4.17.4&#8243; _module_preset=&#8220;default&#8220; global_colors_info=&#8220;{}&#8220; open=&#8220;off&#8220;]<\/p>\n<p>Zuwendungsf\u00e4hig sind Kooperationsma\u00dfnahmen im Vorschulbereich mit sportartbezogener oder<br \/>sportart\u00fcbergreifender Orientierung, die \u00fcber 12 Monate grunds\u00e4tzlich im w\u00f6chentlichen Rhythmus<br \/>stattfinden.<br \/>Beginn der Ma\u00dfnahme ist der 01.01. eines Kalenderjahres. Die Teilnehmerzahl muss grunds\u00e4tzlich<br \/>mindestens 10 Kinder betragen. Die \u00dcbungsleiter m\u00fcssen im Besitz einer g\u00fcltigen DOSB-Lizenz sein. Die<br \/>Kooperationsma\u00dfnahmen sind vordringlich in den R\u00e4umlichkeiten der Kita durchzuf\u00fchren.<\/p>\n<p><a href=\"https:\/\/lsb-brandenburg.de\/wp-content\/uploads\/2021\/11\/frl21_73-1_Sportverein_Kita.pdf\">https:\/\/lsb-brandenburg.de\/wp-content\/uploads\/2021\/11\/frl21_73-1_Sportverein_Kita.pdf<\/a><\/p>\n<p>&nbsp;<\/p>\n<p>[\/et_pb_accordion_item][et_pb_accordion_item title=&#8220;F\u00f6rderprogramm zur Initiierung von Bewegungsangeboten des  organisierten Sports f\u00fcr Kinder mit motorischen Defiziten &#8220; _builder_version=&#8220;4.17.4&#8243; _module_preset=&#8220;default&#8220; global_colors_info=&#8220;{}&#8220; open=&#8220;off&#8220;]<\/p>\n<p>Gegenstand der F\u00f6rderung<br \/>ist die Bezuschussung von Gesundheitssportangeboten f\u00fcr Kinder im Grundschulalter mit motorischen<br \/>Defiziten. Diese Gesundheitssportangebote sollen die Motivation f\u00fcr Bewegung steigern sowie den Zugang<br \/>zu wettkampfungebundenen Angeboten erleichtern.<\/p>\n<p><a href=\"https:\/\/lsb-brandenburg.de\/wp-content\/uploads\/2021\/11\/frl21_75-1_Foerderprogramm_fuer_KdrMotDef.pdf\">https:\/\/lsb-brandenburg.de\/wp-content\/uploads\/2021\/11\/frl21_75-1_Foerderprogramm_fuer_KdrMotDef.pdf<\/a><\/p>\n<p>&nbsp;<\/p>\n<p>[\/et_pb_accordion_item][\/et_pb_accordion][\/et_pb_column][et_pb_column type=&#8220;1_2&#8243; _builder_version=&#8220;4.17.4&#8243; _module_preset=&#8220;default&#8220; global_colors_info=&#8220;{}&#8220;][et_pb_image src=&#8220;https:\/\/www.ksb-mol.de\/wp-content\/uploads\/2022\/03\/LOGO-LSB.png&#8220; title_text=&#8220;LOGO LSB&#8220; url=&#8220;https:\/\/lsb-brandenburg.de\/sportfoerderung\/&#8220; _builder_version=&#8220;4.17.4&#8243; _module_preset=&#8220;default&#8220; global_colors_info=&#8220;{}&#8220;][\/et_pb_image][et_pb_image src=&#8220;https:\/\/www.ksb-mol.de\/wp-content\/uploads\/2025\/10\/IMG_7921-scaled.jpg&#8220; title_text=&#8220;IMG_7921&#8243; url=&#8220;https:\/\/lsb-brandenburg.de\/sportfoerderung\/&#8220; _builder_version=&#8220;4.27.4&#8243; _module_preset=&#8220;default&#8220; hover_enabled=&#8220;0&#8243; global_colors_info=&#8220;{}&#8220; sticky_enabled=&#8220;0&#8243;][\/et_pb_image][et_pb_image src=&#8220;https:\/\/www.ksb-mol.de\/wp-content\/uploads\/2022\/06\/BSJ_Logo_520x250-760&#215;360-1.jpg&#8220; title_text=&#8220;BSJ_Logo_520x250-760&#215;360&#8243; url=&#8220;https:\/\/lsb-brandenburg.de\/sportfoerderung\/&#8220; _builder_version=&#8220;4.17.4&#8243; _module_preset=&#8220;default&#8220; global_colors_info=&#8220;{}&#8220;][\/et_pb_image][et_pb_image src=&#8220;https:\/\/www.ksb-mol.de\/wp-content\/uploads\/2022\/05\/spk-logo-mobile-1.png&#8220; title_text=&#8220;spk-logo-mobile (1)&#8220; url=&#8220;https:\/\/lsb-brandenburg.de\/sportfoerderung\/&#8220; _builder_version=&#8220;4.17.4&#8243; _module_preset=&#8220;default&#8220; global_colors_info=&#8220;{}&#8220;][\/et_pb_image][\/et_pb_column][\/et_pb_row][et_pb_row _builder_version=&#8220;4.16&#8243; _module_preset=&#8220;default&#8220; global_colors_info=&#8220;{}&#8220;][et_pb_column type=&#8220;4_4&#8243; _builder_version=&#8220;4.16&#8243; _module_preset=&#8220;default&#8220; global_colors_info=&#8220;{}&#8220;][et_pb_accordion _builder_version=&#8220;4.17.4&#8243; _module_preset=&#8220;default&#8220; global_colors_info=&#8220;{}&#8220;][et_pb_accordion_item title=&#8220;Stiftung Sparkasse MOL &#8220; open=&#8220;on&#8220; _builder_version=&#8220;4.17.4&#8243; _module_preset=&#8220;default&#8220; global_colors_info=&#8220;{}&#8220;]<\/p>\n<p><a href=\"https:\/\/www.sparkasse-mol.de\/content\/dam\/myif\/sk-maerkisch-oderland\/work\/dokumente\/stiftung\/richtlinien.pdf?stref=iconbox\">https:\/\/www.sparkasse-mol.de\/content\/dam\/myif\/sk-maerkisch-oderland\/work\/dokumente\/stiftung\/richtlinien.pdf<\/a><\/p>\n<p>[\/et_pb_accordion_item][et_pb_accordion_item title=&#8220;Inhalte der F\u00f6rderung&#8220; _builder_version=&#8220;4.17.4&#8243; _module_preset=&#8220;default&#8220; global_colors_info=&#8220;{}&#8220; open=&#8220;off&#8220;]<\/p>\n<p>u.a. F\u00f6rderungen von Sportveranstaltungen, Errichtung von Sportanlagen sowie Erwerb von Sportger\u00e4ten und Ausr\u00fcstungen<br \/>H\u00f6he der F\u00f6rderung: mindestens 500,00 \u20ac , h\u00f6chstens 2.500,00 \u20ac<\/p>\n<\/p>\n<p>&nbsp;<\/p>\n<p>&nbsp;<\/p>\n<p>[\/et_pb_accordion_item][\/et_pb_accordion][\/et_pb_column][\/et_pb_row][\/et_pb_section]<\/p>\n","protected":false},"excerpt":{"rendered":"<p>F\u00f6rderungen f\u00fcr Sportvereine existieren in vielf\u00e4ltiger Form und sind je nach F\u00f6rderer unterschiedlich zu beantragen und abzurechnen. Im folgenden geben wir euch ein paar Anregungen welche M\u00f6glichkeiten f\u00fcr Sportvereine existieren [&hellip;]<\/p>\n","protected":false},"author":3,"featured_media":0,"parent":0,"menu_order":0,"comment_status":"closed","ping_status":"closed","template":"","meta":{"_et_pb_use_builder":"on","_et_pb_old_content":"","_et_gb_content_width":"","footnotes":""},"class_list":["post-1837","page","type-page","status-publish","hentry"],"_links":{"self":[{"href":"https:\/\/www.ksb-mol.de\/%20startseite%202025\/wp-json\/wp\/v2\/pages\/1837","targetHints":{"allow":["GET"]}}],"collection":[{"href":"https:\/\/www.ksb-mol.de\/%20startseite%202025\/wp-json\/wp\/v2\/pages"}],"about":[{"href":"https:\/\/www.ksb-mol.de\/%20startseite%202025\/wp-json\/wp\/v2\/types\/page"}],"author":[{"embeddable":true,"href":"https:\/\/www.ksb-mol.de\/%20startseite%202025\/wp-json\/wp\/v2\/users\/3"}],"replies":[{"embeddable":true,"href":"https:\/\/www.ksb-mol.de\/%20startseite%202025\/wp-json\/wp\/v2\/comments?post=1837"}],"version-history":[{"count":0,"href":"https:\/\/www.ksb-mol.de\/%20startseite%202025\/wp-json\/wp\/v2\/pages\/1837\/revisions"}],"wp:attachment":[{"href":"https:\/\/www.ksb-mol.de\/%20startseite%202025\/wp-json\/wp\/v2\/media?parent=1837"}],"curies":[{"name":"wp","href":"https:\/\/api.w.org\/{rel}","templated":true}]}}