{"id":1802,"date":"2022-06-27T14:38:15","date_gmt":"2022-06-27T12:38:15","guid":{"rendered":"https:\/\/www.ksb-mol.de\/?page_id=1802"},"modified":"2022-08-30T16:04:31","modified_gmt":"2022-08-30T14:04:31","slug":"21-deutsch-polnische-kitaolympiade","status":"publish","type":"page","link":"https:\/\/www.ksb-mol.de\/%20startseite%202025\/21-deutsch-polnische-kitaolympiade\/","title":{"rendered":"21. Deutsch-Polnische Kitaolympiade"},"content":{"rendered":"<p>[et_pb_section fb_built=&#8220;1&#8243; admin_label=&#8220;section&#8220; _builder_version=&#8220;4.16&#8243; global_colors_info=&#8220;{}&#8220;][et_pb_row column_structure=&#8220;1_2,1_2&#8243; _builder_version=&#8220;4.17.4&#8243; _module_preset=&#8220;default&#8220; global_colors_info=&#8220;{}&#8220;][et_pb_column type=&#8220;1_2&#8243; _builder_version=&#8220;4.17.4&#8243; _module_preset=&#8220;default&#8220; global_colors_info=&#8220;{}&#8220;][et_pb_gallery gallery_ids=&#8220;1803,1804,1805,1806,1807,1808&#8243; posts_number=&#8220;6&#8243; _builder_version=&#8220;4.17.4&#8243; _module_preset=&#8220;default&#8220; background_color=&#8220;#FFFFFF&#8220; global_colors_info=&#8220;{}&#8220;][\/et_pb_gallery][et_pb_blurb title=&#8220;Vielen Dank an :&#8220; image=&#8220;https:\/\/www.ksb-mol.de\/wp-content\/uploads\/2022\/06\/IMG_7096-scaled.jpg&#8220; _builder_version=&#8220;4.18.0&#8243; _module_preset=&#8220;default&#8220; hover_enabled=&#8220;0&#8243; global_colors_info=&#8220;{}&#8220; sticky_enabled=&#8220;0&#8243;]<\/p>\n<p>die <span style=\"color: #0000ff;\">Euroregion Pro Europa Viadrina,<\/span><\/p>\n<p>alle sportlichen Kinder, die an diesem 24.06.2022 dabei waren (Ihr habt euch tapfer geschlagen!),<\/p>\n<p>an alle Kitaerzieher*innen und mitgereisten Eltern und Gro\u00dfeltern, die angefeuert haben,<\/p>\n<p>an alle Ehreng\u00e4ste, die die Veranstaltung begleitet haben,<\/p>\n<p>an &#8222;Fritzi&#8220;, der in der Sommerhitze so gar nicht ins Schwitzen kam,<\/p>\n<p>an die tollen Dolmetscherinnen Maria und Marzena,<\/p>\n<p>an die Mitarbeiter der Stadt Strausberg, insbesondere an unsere treue Helferinnen Petra Hamann und Frau Kunze,<\/p>\n<p>an das SEP -Team um Anja K\u00fcttler und Inga Kleinschmidt,<\/p>\n<p>an die Versorgung durch die Parkkantine,<\/p>\n<p>an die jungen Helfer des Gymnasiums Seelow und Wriezen,<\/p>\n<p>an Fabian Brauns vom Kreis-Kinder- und Jugendring,<\/p>\n<p>an EDEKA H\u00fcbner aus Seelow, die f\u00fcr frisches Obst und Gem\u00fcse sorgten,<\/p>\n<p>und an alle ehrenamtlichen, ehemaligen und hauptamtlichen Mitarbeitern des KSB MOL e. V. !!!!<\/p>\n<p>&nbsp;<\/p>\n<p>[\/et_pb_blurb][et_pb_image src=&#8220;https:\/\/www.ksb-mol.de\/wp-content\/uploads\/2022\/08\/werbung-eurogion_logo_.jpg&#8220; title_text=&#8220;werbung-eurogion_logo_&#8220; _builder_version=&#8220;4.18.0&#8243; _module_preset=&#8220;default&#8220; global_colors_info=&#8220;{}&#8220;][\/et_pb_image][\/et_pb_column][et_pb_column type=&#8220;1_2&#8243; _builder_version=&#8220;4.17.4&#8243; _module_preset=&#8220;default&#8220; global_colors_info=&#8220;{}&#8220;][et_pb_blurb title=&#8220;Endlich, nach drei Jahren, konnte die Abteilung Breitensport beim Kreissportbund MOL e. V.  zur 21. Wiederauflage der Deutsch-Polnischen Kita-Olympiade, in den Sport- und Erholungspark Strausberg, einladen. &#8220; image=&#8220;https:\/\/www.ksb-mol.de\/wp-content\/uploads\/2022\/05\/Bild_2022-05-23_111121809.png&#8220; _builder_version=&#8220;4.17.4&#8243; _module_preset=&#8220;default&#8220; min_height=&#8220;1159px&#8220; global_colors_info=&#8220;{}&#8220;]<\/p>\n<p>Bei allerbestem Wetter waren diesmal 23 Kitas der Einladung gefolgt und standen p\u00fcnktlich 09:00 Uhr zur offiziellen Er\u00f6ffnung, erkennbar voller Aufregung und Vorfreude, auf der tollen Sportanlage des SEP in Strausberg, bereit.<\/p>\n<p>Wie gehabt, ging es nun darum, die Stationen Ballrollen, Sprint, Medizinball schocken, Sackh\u00fcpfen, Schubkarrenrennen und Rollersprint, bestm\u00f6glich zu absolvieren und dabei den hochsommerlichen Temperaturen zu trotzen. Wer in der Pause zwischen den Durchg\u00e4ngen noch nicht genug hatte, durfte sich zus\u00e4tzlich beim Fritzi-Wettbewerb ausprobieren und kam dabei in den Genuss, von \u201eFritzi\u201c pers\u00f6nlich angefeuert zu werden, denn das Maskottchen der Brandenburgischen Sportjugend war pers\u00f6nlich angereist und brachte offensichtlich vielen Kindern gro\u00dfe Freude.<\/p>\n<p>Mit der traditionellen Gro\u00dfen Abschluss-Staffel, bei der immer noch viele Punkte gesammelt werden konnten, endete der Wettbewerb.<\/p>\n<p>Dank der tollen Unterst\u00fctzung des SEP Strausberg, durften alle die M\u00e4dchen und Jungen, die ihren Wettbewerb erfolgreich abgeschlossen hatten, unter den laufenden Rasensprengern \u201everschwinden\u201c.<\/p>\n<p>Den ersten Platz belegte wie 2019 die <strong>polnischen Kita \u201ePOD TOPOLA\u201c aus Kostrzyn nad Odr\u0105 und g<\/strong>anz im Sinne der an diesem Freitag so \u00fcberaus strahlenden Sonne, belegten die Pl\u00e4tze 2 und 3 jeweils eine Kita mit dem Namen \u201eSonnenschein\u201c:<\/p>\n<ol start=\"2\">\n<li>Platz Kita \u201eSonnenschein\u201c aus Fredersdorf-Vogelsdorf<\/li>\n<li>Platz AWO Kita \u201eSonnenschein\u201c aus Bad Freienwalde.<\/li>\n<\/ol>\n<p>&nbsp;<\/p>\n<p>&nbsp;<\/p>\n<p>[\/et_pb_blurb][et_pb_image src=&#8220;https:\/\/www.ksb-mol.de\/wp-content\/uploads\/2022\/06\/IMG_7146-scaled.jpg&#8220; title_text=&#8220;IMG_7146&#8243; _builder_version=&#8220;4.17.4&#8243; _module_preset=&#8220;default&#8220; global_colors_info=&#8220;{}&#8220;][\/et_pb_image][et_pb_image src=&#8220;https:\/\/www.ksb-mol.de\/wp-content\/uploads\/2022\/06\/Siegerehrung&#8211;scaled.jpg&#8220; title_text=&#8220;Siegerehrung&#8220; _builder_version=&#8220;4.17.4&#8243; _module_preset=&#8220;default&#8220; global_colors_info=&#8220;{}&#8220;][\/et_pb_image][\/et_pb_column][\/et_pb_row][\/et_pb_section]<\/p>\n","protected":false},"excerpt":{"rendered":"<p>die Euroregion Pro Europa Viadrina, alle sportlichen Kinder, die an diesem 24.06.2022 dabei waren (Ihr habt euch tapfer geschlagen!), an alle Kitaerzieher*innen und mitgereisten Eltern und Gro\u00dfeltern, die angefeuert haben, [&hellip;]<\/p>\n","protected":false},"author":3,"featured_media":0,"parent":0,"menu_order":0,"comment_status":"closed","ping_status":"closed","template":"","meta":{"_et_pb_use_builder":"on","_et_pb_old_content":"","_et_gb_content_width":"","footnotes":""},"class_list":["post-1802","page","type-page","status-publish","hentry"],"_links":{"self":[{"href":"https:\/\/www.ksb-mol.de\/%20startseite%202025\/wp-json\/wp\/v2\/pages\/1802","targetHints":{"allow":["GET"]}}],"collection":[{"href":"https:\/\/www.ksb-mol.de\/%20startseite%202025\/wp-json\/wp\/v2\/pages"}],"about":[{"href":"https:\/\/www.ksb-mol.de\/%20startseite%202025\/wp-json\/wp\/v2\/types\/page"}],"author":[{"embeddable":true,"href":"https:\/\/www.ksb-mol.de\/%20startseite%202025\/wp-json\/wp\/v2\/users\/3"}],"replies":[{"embeddable":true,"href":"https:\/\/www.ksb-mol.de\/%20startseite%202025\/wp-json\/wp\/v2\/comments?post=1802"}],"version-history":[{"count":0,"href":"https:\/\/www.ksb-mol.de\/%20startseite%202025\/wp-json\/wp\/v2\/pages\/1802\/revisions"}],"wp:attachment":[{"href":"https:\/\/www.ksb-mol.de\/%20startseite%202025\/wp-json\/wp\/v2\/media?parent=1802"}],"curies":[{"name":"wp","href":"https:\/\/api.w.org\/{rel}","templated":true}]}}