{"id":1484,"date":"2022-04-13T11:08:49","date_gmt":"2022-04-13T09:08:49","guid":{"rendered":"https:\/\/www.ksb-mol.de\/?page_id=1484"},"modified":"2022-06-13T15:19:38","modified_gmt":"2022-06-13T13:19:38","slug":"praktikum","status":"publish","type":"page","link":"https:\/\/www.ksb-mol.de\/%20startseite%202025\/praktikum\/","title":{"rendered":"Praktikum"},"content":{"rendered":"<p>[et_pb_section fb_built=&#8220;1&#8243; admin_label=&#8220;section&#8220; _builder_version=&#8220;4.17.4&#8243; hover_enabled=&#8220;0&#8243; global_colors_info=&#8220;{}&#8220; sticky_enabled=&#8220;0&#8243;][et_pb_row admin_label=&#8220;row&#8220; _builder_version=&#8220;4.16&#8243; background_size=&#8220;initial&#8220; background_position=&#8220;top_left&#8220; background_repeat=&#8220;repeat&#8220; global_colors_info=&#8220;{}&#8220; column_structure=&#8220;1_2,1_2&#8243;][et_pb_column type=&#8220;1_2&#8243; _builder_version=&#8220;4.16&#8243; custom_padding=&#8220;|||&#8220; global_colors_info=&#8220;{}&#8220; custom_padding__hover=&#8220;|||&#8220;][et_pb_image src=&#8220;https:\/\/www.ksb-mol.de\/wp-content\/uploads\/2022\/06\/Schuelerin-scaled.jpg&#8220; _builder_version=&#8220;4.17.4&#8243; _module_preset=&#8220;default&#8220; hover_enabled=&#8220;0&#8243; sticky_enabled=&#8220;0&#8243; title_text=&#8220;Sch\u00fclerin&#8220;][\/et_pb_image][\/et_pb_column][et_pb_column type=&#8220;1_2&#8243; _builder_version=&#8220;4.16&#8243; custom_padding=&#8220;|||&#8220; global_colors_info=&#8220;{}&#8220; custom_padding__hover=&#8220;|||&#8220;][et_pb_text _builder_version=&#8220;4.17.4&#8243; _module_preset=&#8220;default&#8220; hover_enabled=&#8220;0&#8243; sticky_enabled=&#8220;0&#8243; custom_padding=&#8220;0px|||||&#8220;]<\/p>\n<p>&nbsp;<\/p>\n<p><span style=\"text-decoration: underline;\"><span style=\"color: #ff0000;\"><strong>Sch\u00fcler*innen\/ Student*innen PRAKTIKUM<\/strong><\/span><\/span><\/p>\n<p>W\u00e4re der Beruf &#8222;Sport- und Fitnesskaufmann\/-frau&#8220; etwas f\u00fcr mich?<\/p>\n<p>M\u00f6chte ich sp\u00e4ter einmal mit Kindern und Jugendlichen arbeiten?<\/p>\n<p>Liegt mir der Umgang mit \u00e4lteren Menschen?<\/p>\n<p>Kann ich mir eine T\u00e4tigkeit mit behinderten Menschen vorstellen?<\/p>\n<p>Wir bieten Sch\u00fcler*innen und Student*innen die M\u00f6glichkeit, im Rahmen eines Praktikums, uns kennenzulernen.<\/p>\n<p>Anfragen unter: info@ksb-mol.de<\/p>\n<p>[\/et_pb_text][\/et_pb_column][\/et_pb_row][\/et_pb_section]<\/p>\n","protected":false},"excerpt":{"rendered":"<p>&nbsp; Sch\u00fcler*innen\/ Student*innen PRAKTIKUM W\u00e4re der Beruf &#8222;Sport- und Fitnesskaufmann\/-frau&#8220; etwas f\u00fcr mich? M\u00f6chte ich sp\u00e4ter einmal mit Kindern und Jugendlichen arbeiten? Liegt mir der Umgang mit \u00e4lteren Menschen? Kann [&hellip;]<\/p>\n","protected":false},"author":2,"featured_media":0,"parent":0,"menu_order":0,"comment_status":"closed","ping_status":"closed","template":"","meta":{"_et_pb_use_builder":"on","_et_pb_old_content":"","_et_gb_content_width":"","footnotes":""},"class_list":["post-1484","page","type-page","status-publish","hentry"],"_links":{"self":[{"href":"https:\/\/www.ksb-mol.de\/%20startseite%202025\/wp-json\/wp\/v2\/pages\/1484","targetHints":{"allow":["GET"]}}],"collection":[{"href":"https:\/\/www.ksb-mol.de\/%20startseite%202025\/wp-json\/wp\/v2\/pages"}],"about":[{"href":"https:\/\/www.ksb-mol.de\/%20startseite%202025\/wp-json\/wp\/v2\/types\/page"}],"author":[{"embeddable":true,"href":"https:\/\/www.ksb-mol.de\/%20startseite%202025\/wp-json\/wp\/v2\/users\/2"}],"replies":[{"embeddable":true,"href":"https:\/\/www.ksb-mol.de\/%20startseite%202025\/wp-json\/wp\/v2\/comments?post=1484"}],"version-history":[{"count":0,"href":"https:\/\/www.ksb-mol.de\/%20startseite%202025\/wp-json\/wp\/v2\/pages\/1484\/revisions"}],"wp:attachment":[{"href":"https:\/\/www.ksb-mol.de\/%20startseite%202025\/wp-json\/wp\/v2\/media?parent=1484"}],"curies":[{"name":"wp","href":"https:\/\/api.w.org\/{rel}","templated":true}]}}