{"id":11,"date":"2021-03-18T09:36:57","date_gmt":"2021-03-18T08:36:57","guid":{"rendered":"http:\/\/www.ksb-mol.de\/?page_id=11"},"modified":"2023-03-23T08:13:27","modified_gmt":"2023-03-23T07:13:27","slug":"mein-ksb-mol","status":"publish","type":"page","link":"https:\/\/www.ksb-mol.de\/%20startseite%202025\/mein-ksb-mol\/","title":{"rendered":"Mein KSB-MOL"},"content":{"rendered":"<p>[et_pb_section fb_built=&#8220;1&#8243; fullwidth=&#8220;on&#8220; _builder_version=&#8220;4.16&#8243; _module_preset=&#8220;default&#8220; bottom_divider_style=&#8220;slant2&#8243; bottom_divider_color=&#8220;#FFFFFF&#8220; global_colors_info=&#8220;{}&#8220;][et_pb_fullwidth_header _builder_version=&#8220;4.16&#8243; _module_preset=&#8220;default&#8220; background_image=&#8220;https:\/\/www.ksb-mol.de\/wp-content\/uploads\/2021\/04\/slider9.jpg&#8220; custom_padding=&#8220;||200px||false|false&#8220; global_colors_info=&#8220;{}&#8220;][\/et_pb_fullwidth_header][\/et_pb_section][et_pb_section fb_built=&#8220;1&#8243; _builder_version=&#8220;4.16&#8243; _module_preset=&#8220;default&#8220; global_colors_info=&#8220;{}&#8220;][et_pb_row _builder_version=&#8220;4.16&#8243; _module_preset=&#8220;default&#8220; global_colors_info=&#8220;{}&#8220;][et_pb_column type=&#8220;4_4&#8243; _builder_version=&#8220;4.16&#8243; _module_preset=&#8220;default&#8220; global_colors_info=&#8220;{}&#8220;][et_pb_text _builder_version=&#8220;4.16&#8243; _module_preset=&#8220;default&#8220; global_colors_info=&#8220;{}&#8220;]<\/p>\n<h1>Kreissportbund MOL e. V.<\/h1>\n<div class=\"textItem\">\n<p>&nbsp;<\/p>\n<p><span style=\"font-size: 14px;\">Liebe Sportfreundinnen und Sportfreunde, liebe B\u00fcrgerinnen und B\u00fcrger,<\/span><\/p>\n<p>der am 18. Juni 1993 in Bad Freienwalde gegr\u00fcndete Kreissportbund ist gegenw\u00e4rtig mit seinen \u00fcber 23.887 Mitgliedern in 201 Sportvereinen die gr\u00f6\u00dfte B\u00fcrgerorganisation des Landkreises M\u00e4rkisch-Oderland.<\/p>\n<p>Er ist Dachorganisation und Interessenvertretung der Sportvereine und Kreisfachverb\u00e4nde und vertritt deren Anliegen gegen\u00fcber dem Landessportbund, dem Kreistag, der Kreisverwaltung, den \u00c4mtern und Gemeinden sowie weiteren Partnern des \u00f6ffentlichen Lebens. Er unterst\u00fctzt die Vereins- und Verbandsarbeit, f\u00f6rdert die Entwicklung des Sportverst\u00e4ndnisses in der Bev\u00f6lkerung und st\u00e4rkt das ehrenamtliche Engagement.<\/p>\n<p>Er koordiniert die Zusammenarbeit mit Einrichtungen, Vereinen und Verb\u00e4nden, die den organisierten Sport unterst\u00fctzen und an seiner Entwicklung teilhaben.<\/p>\n<p>H\u00f6chstes Organ des KSB MOL e. V. ist der alle vier Jahre stattfindende Kreissporttag, der den Vorstand (12 Mitglieder), den \u00c4ltestenrat (5 Mitglieder) und die Kassenpr\u00fcfer (3 Mitglieder) w\u00e4hlt. F\u00fcr die Koordinierung der T\u00e4tigkeit zwischen den Kreissporttagen und j\u00e4hrlichen Mitgliederversammlungen bestellt der Vorstand eine\/n Gesch\u00e4ftsf\u00fchrer\/in.<\/p>\n<p>Der Kreissportbund beauftragt den Bildungs- und Gesundheitssport e. V. beim KSB MOL e. V., mit Sitz in Strausberg, mit der Organisation und Durchf\u00fchrung der internen und externen Aus- und Fortbildung f\u00fcr seine Mitgliedsvereine. Hauptaufgaben sind die Ausbildung von \u00dcbungsleiterInnen im Breitensport und die Weiterbildung gem\u00e4\u00df Brandenburgischem Weiterbildungsgesetz (Volkshochschule im Sport).<\/p>\n<p>Sport frei!<br \/>Martin Schulthei\u00df, Vorsitzender<\/p>\n<p>KSB im \u00dcberblick:<\/p>\n<ul>\n<li><a href=\"https:\/\/www.ksb-mol.de\/vorstand\">Vorstand<\/a><\/li>\n<li><a href=\"https:\/\/www.ksb-mol.de\/satzung\">Satzung<\/a><\/li>\n<li><a href=\"https:\/\/www.ksb-mol.de\/geschaefststelle\">Gesch\u00e4ftsstelle<\/a><\/li>\n<\/ul>\n<\/div>\n<p>[\/et_pb_text][\/et_pb_column][\/et_pb_row][\/et_pb_section]<\/p>\n","protected":false},"excerpt":{"rendered":"<p>Kreissportbund MOL e. V. &nbsp; Liebe Sportfreundinnen und Sportfreunde, liebe B\u00fcrgerinnen und B\u00fcrger, der am 18. Juni 1993 in Bad Freienwalde gegr\u00fcndete Kreissportbund ist gegenw\u00e4rtig mit seinen \u00fcber 23.887 Mitgliedern [&hellip;]<\/p>\n","protected":false},"author":2,"featured_media":0,"parent":0,"menu_order":0,"comment_status":"closed","ping_status":"closed","template":"","meta":{"_et_pb_use_builder":"on","_et_pb_old_content":"<!-- wp:divi\/placeholder \/-->","_et_gb_content_width":"","footnotes":""},"class_list":["post-11","page","type-page","status-publish","hentry"],"_links":{"self":[{"href":"https:\/\/www.ksb-mol.de\/%20startseite%202025\/wp-json\/wp\/v2\/pages\/11","targetHints":{"allow":["GET"]}}],"collection":[{"href":"https:\/\/www.ksb-mol.de\/%20startseite%202025\/wp-json\/wp\/v2\/pages"}],"about":[{"href":"https:\/\/www.ksb-mol.de\/%20startseite%202025\/wp-json\/wp\/v2\/types\/page"}],"author":[{"embeddable":true,"href":"https:\/\/www.ksb-mol.de\/%20startseite%202025\/wp-json\/wp\/v2\/users\/2"}],"replies":[{"embeddable":true,"href":"https:\/\/www.ksb-mol.de\/%20startseite%202025\/wp-json\/wp\/v2\/comments?post=11"}],"version-history":[{"count":0,"href":"https:\/\/www.ksb-mol.de\/%20startseite%202025\/wp-json\/wp\/v2\/pages\/11\/revisions"}],"wp:attachment":[{"href":"https:\/\/www.ksb-mol.de\/%20startseite%202025\/wp-json\/wp\/v2\/media?parent=11"}],"curies":[{"name":"wp","href":"https:\/\/api.w.org\/{rel}","templated":true}]}}