{"id":1087,"date":"2021-03-30T12:48:07","date_gmt":"2021-03-30T10:48:07","guid":{"rendered":"http:\/\/www.ksb-mol.de\/?page_id=1087"},"modified":"2023-06-01T08:31:49","modified_gmt":"2023-06-01T06:31:49","slug":"sport-fuer-menschen-mit-behinderung","status":"publish","type":"page","link":"https:\/\/www.ksb-mol.de\/%20startseite%202025\/sport-fuer-menschen-mit-behinderung\/","title":{"rendered":"Sport f\u00fcr Menschen mit Behinderung"},"content":{"rendered":"<p>[et_pb_section fb_built=&#8220;1&#8243; fullwidth=&#8220;on&#8220; _builder_version=&#8220;4.16&#8243; _module_preset=&#8220;default&#8220; bottom_divider_style=&#8220;slant2&#8243; bottom_divider_color=&#8220;#FFFFFF&#8220; global_colors_info=&#8220;{}&#8220;][et_pb_fullwidth_header _builder_version=&#8220;4.16&#8243; _module_preset=&#8220;default&#8220; use_background_color_gradient=&#8220;on&#8220; background_color_gradient_stops=&#8220;#2a911d 0%|rgba(175,175,36,0.97) 100%&#8220; background_color_gradient_start=&#8220;#2a911d&#8220; background_color_gradient_end=&#8220;rgba(175,175,36,0.97)&#8220; background_enable_image=&#8220;off&#8220; custom_padding=&#8220;50px||100px||false|false&#8220; global_colors_info=&#8220;{}&#8220;]<\/p>\n<h1 style=\"text-align: center;\">Sport f\u00fcr Menschen mit Behinderung<\/h1>\n<p>[\/et_pb_fullwidth_header][\/et_pb_section][et_pb_section fb_built=&#8220;1&#8243; _builder_version=&#8220;4.16&#8243; _module_preset=&#8220;default&#8220; global_colors_info=&#8220;{}&#8220;][et_pb_row _builder_version=&#8220;4.16&#8243; _module_preset=&#8220;default&#8220; global_colors_info=&#8220;{}&#8220;][et_pb_column type=&#8220;4_4&#8243; _builder_version=&#8220;4.16&#8243; _module_preset=&#8220;default&#8220; global_colors_info=&#8220;{}&#8220;][et_pb_text _builder_version=&#8220;4.16&#8243; _module_preset=&#8220;default&#8220; text_font=&#8220;|700|||||||&#8220; text_font_size=&#8220;20px&#8220; text_line_height=&#8220;2.6em&#8220; global_colors_info=&#8220;{}&#8220;]<\/p>\n<p>Die Abteilung Breitensport bietet Sport f\u00fcr Menschen mit k\u00f6rperlicher und\/oder geistiger Beeintr\u00e4chtigung an.\u00a0 An den Standorten Bad Freienwalde und Seelow kommen die \u00dcbungsleiter direkt in die Einrichtungen und f\u00fchren den Sport vor Ort mit den Teilnehmer*innen durch.<\/p>\n<p>[\/et_pb_text][et_pb_text _builder_version=&#8220;4.16&#8243; _module_preset=&#8220;default&#8220; text_font=&#8220;|700|||||||&#8220; text_font_size=&#8220;25px&#8220; global_colors_info=&#8220;{}&#8220;]<\/p>\n<p>Weitere Informationen unter 03346\/8525202<\/p>\n<p>[\/et_pb_text][\/et_pb_column][\/et_pb_row][\/et_pb_section]<\/p>\n","protected":false},"excerpt":{"rendered":"<p>Sport f\u00fcr Menschen mit BehinderungDie Abteilung Breitensport bietet Sport f\u00fcr Menschen mit k\u00f6rperlicher und\/oder geistiger Beeintr\u00e4chtigung an.\u00a0 An den Standorten Bad Freienwalde und Seelow kommen die \u00dcbungsleiter direkt in die [&hellip;]<\/p>\n","protected":false},"author":2,"featured_media":0,"parent":0,"menu_order":0,"comment_status":"closed","ping_status":"closed","template":"","meta":{"_et_pb_use_builder":"on","_et_pb_old_content":"","_et_gb_content_width":"","footnotes":""},"class_list":["post-1087","page","type-page","status-publish","hentry"],"_links":{"self":[{"href":"https:\/\/www.ksb-mol.de\/%20startseite%202025\/wp-json\/wp\/v2\/pages\/1087","targetHints":{"allow":["GET"]}}],"collection":[{"href":"https:\/\/www.ksb-mol.de\/%20startseite%202025\/wp-json\/wp\/v2\/pages"}],"about":[{"href":"https:\/\/www.ksb-mol.de\/%20startseite%202025\/wp-json\/wp\/v2\/types\/page"}],"author":[{"embeddable":true,"href":"https:\/\/www.ksb-mol.de\/%20startseite%202025\/wp-json\/wp\/v2\/users\/2"}],"replies":[{"embeddable":true,"href":"https:\/\/www.ksb-mol.de\/%20startseite%202025\/wp-json\/wp\/v2\/comments?post=1087"}],"version-history":[{"count":0,"href":"https:\/\/www.ksb-mol.de\/%20startseite%202025\/wp-json\/wp\/v2\/pages\/1087\/revisions"}],"wp:attachment":[{"href":"https:\/\/www.ksb-mol.de\/%20startseite%202025\/wp-json\/wp\/v2\/media?parent=1087"}],"curies":[{"name":"wp","href":"https:\/\/api.w.org\/{rel}","templated":true}]}}