{"id":1077,"date":"2021-03-30T12:44:04","date_gmt":"2021-03-30T10:44:04","guid":{"rendered":"http:\/\/www.ksb-mol.de\/?page_id=1077"},"modified":"2025-10-15T11:07:40","modified_gmt":"2025-10-15T09:07:40","slug":"seniorensport-gesundheitssport","status":"publish","type":"page","link":"https:\/\/www.ksb-mol.de\/%20startseite%202025\/seniorensport-gesundheitssport\/","title":{"rendered":"Seniorensport\/                                                Gesundheitssport"},"content":{"rendered":"<p>[et_pb_section fb_built=&#8220;1&#8243; fullwidth=&#8220;on&#8220; _builder_version=&#8220;4.16&#8243; _module_preset=&#8220;default&#8220; bottom_divider_style=&#8220;slant2&#8243; bottom_divider_color=&#8220;#FFFFFF&#8220; global_colors_info=&#8220;{}&#8220;][et_pb_fullwidth_header _builder_version=&#8220;4.16&#8243; _module_preset=&#8220;default&#8220; background_image=&#8220;https:\/\/www.ksb-mol.de\/wp-content\/uploads\/2021\/04\/slider10.jpg&#8220; custom_padding=&#8220;||200px||false|false&#8220; global_colors_info=&#8220;{}&#8220;][\/et_pb_fullwidth_header][\/et_pb_section][et_pb_section fb_built=&#8220;1&#8243; _builder_version=&#8220;4.16&#8243; _module_preset=&#8220;default&#8220; global_colors_info=&#8220;{}&#8220;][et_pb_row column_structure=&#8220;1_2,1_2&#8243; _builder_version=&#8220;4.16&#8243; _module_preset=&#8220;default&#8220; global_colors_info=&#8220;{}&#8220;][et_pb_column type=&#8220;1_2&#8243; _builder_version=&#8220;4.16&#8243; _module_preset=&#8220;default&#8220; global_colors_info=&#8220;{}&#8220;][et_pb_text _builder_version=&#8220;4.16&#8243; _module_preset=&#8220;default&#8220; header_2_font=&#8220;|700|||||||&#8220; header_2_text_color=&#8220;#000000&#8243; header_2_font_size=&#8220;25px&#8220; global_colors_info=&#8220;{}&#8220;]<\/p>\n<h2>W\u00f6chentliche Senioren- und Gesundheitssportangebote der Abteilung Breitensport\u00a0<\/h2>\n<p>[\/et_pb_text][\/et_pb_column][et_pb_column type=&#8220;1_2&#8243; _builder_version=&#8220;4.16&#8243; _module_preset=&#8220;default&#8220; global_colors_info=&#8220;{}&#8220;][et_pb_image src=&#8220;https:\/\/www.ksb-mol.de\/wp-content\/uploads\/2021\/04\/slider1.jpg&#8220; title_text=&#8220;slider1&#8243; _builder_version=&#8220;4.17.4&#8243; _module_preset=&#8220;default&#8220; global_colors_info=&#8220;{}&#8220;][\/et_pb_image][\/et_pb_column][\/et_pb_row][et_pb_row column_structure=&#8220;1_2,1_2&#8243; _builder_version=&#8220;4.17.4&#8243; _module_preset=&#8220;default&#8220; global_colors_info=&#8220;{}&#8220;][et_pb_column type=&#8220;1_2&#8243; _builder_version=&#8220;4.17.4&#8243; _module_preset=&#8220;default&#8220; global_colors_info=&#8220;{}&#8220;][et_pb_text _builder_version=&#8220;4.17.4&#8243; _module_preset=&#8220;default&#8220; global_colors_info=&#8220;{}&#8220;]<\/p>\n<p>Getreu dem Motto <em><strong>&#8222;wir werden \u00e4lter &#8211; na und&#8230;<\/strong><\/em>! m\u00f6chte die Abteilung Breitensport die Bewegungsf\u00f6rderung von \u00e4lteren Menschen vorantreiben. Neben den gesundheitlichen Aspekten, ist der soziale Kontakt ein wichtiger Baustein, um gesund zu altern. Daher bieten wir kreisweit Sportgruppen, die \u00e4lteren Menschen den Zugang zur Bewegung verschaffen. Dabei spielt es keine Rolle, ob die Teilnehmer*innen vorher sportlich aktiv waren.<\/p>\n<p>Wir sind in vielen St\u00e4dten, Ortschaften und Gemeinden unterwegs und sind gern bereit, unser Angebot zu erweitern.<\/p>\n<p>Der Seniorensport erfolgt \u00fcber Mitgliedschaft. Der Jahresbeitrag (ohne Rabatt) betr\u00e4gt 144,00 \u20ac.<\/p>\n<p>[\/et_pb_text][\/et_pb_column][et_pb_column type=&#8220;1_2&#8243; _builder_version=&#8220;4.17.4&#8243; _module_preset=&#8220;default&#8220; global_colors_info=&#8220;{}&#8220;][et_pb_image src=&#8220;https:\/\/www.ksb-mol.de\/wp-content\/uploads\/2023\/09\/IMG_7447-scaled.jpg&#8220; title_text=&#8220;IMG_7447&#8243; _builder_version=&#8220;4.27.4&#8243; _module_preset=&#8220;default&#8220; hover_enabled=&#8220;0&#8243; global_colors_info=&#8220;{}&#8220; sticky_enabled=&#8220;0&#8243;][\/et_pb_image][\/et_pb_column][\/et_pb_row][et_pb_row column_structure=&#8220;1_3,1_3,1_3&#8243; _builder_version=&#8220;4.17.4&#8243; _module_preset=&#8220;default&#8220; global_colors_info=&#8220;{}&#8220;][et_pb_column type=&#8220;1_3&#8243; _builder_version=&#8220;4.17.4&#8243; _module_preset=&#8220;default&#8220; global_colors_info=&#8220;{}&#8220;][et_pb_image src=&#8220;https:\/\/www.ksb-mol.de\/wp-content\/uploads\/2021\/03\/k-image128.jpg&#8220; title_text=&#8220;k-image128&#8243; _builder_version=&#8220;4.17.4&#8243; _module_preset=&#8220;default&#8220; global_colors_info=&#8220;{}&#8220;][\/et_pb_image][\/et_pb_column][et_pb_column type=&#8220;1_3&#8243; _builder_version=&#8220;4.17.4&#8243; _module_preset=&#8220;default&#8220; global_colors_info=&#8220;{}&#8220;][et_pb_text _builder_version=&#8220;4.17.4&#8243; _module_preset=&#8220;default&#8220; global_colors_info=&#8220;{}&#8220;]<\/p>\n<p><strong>F\u00fcr die Bewegung im Alter ist es nie zu sp\u00e4t!<\/strong><\/p>\n<p>Regelm\u00e4\u00dfige Bewegung st\u00e4rkt das Herz-Kreislauf- und unser Immunsystem. Somit kann Sport ein Teil pr\u00e4ventiver Ma\u00dfnahmen sein, um gesund alt zu werden. Der regelm\u00e4\u00dfige Kontakt und Austausch mit Gleichgesinnten ist oft eine sch\u00f6ne Abwechslung und bringt Geselligkeit.<\/p>\n<p>[\/et_pb_text][\/et_pb_column][et_pb_column type=&#8220;1_3&#8243; _builder_version=&#8220;4.17.4&#8243; _module_preset=&#8220;default&#8220; global_colors_info=&#8220;{}&#8220;][et_pb_image src=&#8220;https:\/\/www.ksb-mol.de\/wp-content\/uploads\/2021\/03\/image066-1.jpg&#8220; title_text=&#8220;image066&#8243; _builder_version=&#8220;4.27.4&#8243; _module_preset=&#8220;default&#8220; hover_enabled=&#8220;0&#8243; global_colors_info=&#8220;{}&#8220; sticky_enabled=&#8220;0&#8243;][\/et_pb_image][\/et_pb_column][\/et_pb_row][et_pb_row column_structure=&#8220;1_2,1_2&#8243; _builder_version=&#8220;4.17.4&#8243; _module_preset=&#8220;default&#8220; global_colors_info=&#8220;{}&#8220;][et_pb_column type=&#8220;1_2&#8243; _builder_version=&#8220;4.17.4&#8243; _module_preset=&#8220;default&#8220; global_colors_info=&#8220;{}&#8220;][et_pb_text _builder_version=&#8220;4.17.4&#8243; _module_preset=&#8220;default&#8220; global_colors_info=&#8220;{}&#8220;]<\/p>\n<p><strong>Inhalte des Seniorensports:<\/strong><\/p>\n<p>Eine \u00dcbungseinheit dauert 45-60 min und wird je nach Belastbarkeit gestaltet. Hauptinhalte sind gymnastische \u00dcbungen zum Erhalt der Koordination, Kraft und Beweglichkeit. Mit unterschiedlichen Sportger\u00e4ten bereiten die zertifizierten und ausgebildeten \u00dcbungsleiter ein abwechslungsreiches Bewegungsprogramm vor. Vor allem steht im Vordergrund ein k\u00f6rperliches Bewusstsein zu f\u00f6rdern und Sicherheit bei der Bew\u00e4ltigung des Alltags zu geben.\u00a0<\/p>\n<p>[\/et_pb_text][\/et_pb_column][et_pb_column type=&#8220;1_2&#8243; _builder_version=&#8220;4.17.4&#8243; _module_preset=&#8220;default&#8220; global_colors_info=&#8220;{}&#8220;][et_pb_image src=&#8220;https:\/\/www.ksb-mol.de\/wp-content\/uploads\/2021\/03\/k-pr_MG_0011a-1.jpg&#8220; title_text=&#8220;k-pr_MG_0011a&#8220; _builder_version=&#8220;4.27.4&#8243; _module_preset=&#8220;default&#8220; hover_enabled=&#8220;0&#8243; global_colors_info=&#8220;{}&#8220; sticky_enabled=&#8220;0&#8243;][\/et_pb_image][\/et_pb_column][\/et_pb_row][et_pb_row _builder_version=&#8220;4.17.4&#8243; _module_preset=&#8220;default&#8220; global_colors_info=&#8220;{}&#8220;][et_pb_column type=&#8220;4_4&#8243; _builder_version=&#8220;4.17.4&#8243; _module_preset=&#8220;default&#8220; global_colors_info=&#8220;{}&#8220;][et_pb_text _builder_version=&#8220;4.17.4&#8243; _module_preset=&#8220;default&#8220; global_colors_info=&#8220;{}&#8220;]<\/p>\n<p>Unsere Angebote finden Sie kreisweit und in folgenden Regionen. Bei Interesse fragen Sie einfach bei uns an. Ansprechpartner: Hendrik H\u00f6hne &amp; Annett Zimmer (03346\/8525200) oder <a href=\"mailto:gesundheitssport@ksb-mol.de\">gesundheitssport@ksb-mol.de<\/a><\/p>\n<p>[\/et_pb_text][\/et_pb_column][\/et_pb_row][et_pb_row column_structure=&#8220;1_3,1_3,1_3&#8243; _builder_version=&#8220;4.21.0&#8243; _module_preset=&#8220;default&#8220; min_height=&#8220;281px&#8220; custom_padding=&#8220;17px||17px||true|&#8220; global_colors_info=&#8220;{}&#8220;][et_pb_column type=&#8220;1_3&#8243; _builder_version=&#8220;4.16&#8243; _module_preset=&#8220;default&#8220; global_colors_info=&#8220;{}&#8220;][et_pb_text _builder_version=&#8220;4.17.4&#8243; _module_preset=&#8220;default&#8220; text_font=&#8220;|700|||||||&#8220; text_font_size=&#8220;20px&#8220; text_line_height=&#8220;1.1em&#8220; global_colors_info=&#8220;{}&#8220;]<\/p>\n<p>Region Bad Freienwalde<\/p>\n<p>&nbsp;<\/p>\n<ul>\n<li>Bad Freienwalde<\/li>\n<li>Freudenberg<\/li>\n<li>W\u00f6lsickendorf<\/li>\n<li>Hohensaaten<\/li>\n<li>Alttrebbin<\/li>\n<li>Neutrebbin<\/li>\n<li>Hohenwutzen<\/li>\n<li>Heckelberg<\/li>\n<li>Bralitz<\/li>\n<li>Wriezen<\/li>\n<li>Neulewin<\/li>\n<li>Altranft<\/li>\n<li>G\u00fcstebieser Loose<\/li>\n<li>L\u00fcdersdorf<\/li>\n<\/ul>\n<p>[\/et_pb_text][\/et_pb_column][et_pb_column type=&#8220;1_3&#8243; _builder_version=&#8220;4.16&#8243; _module_preset=&#8220;default&#8220; global_colors_info=&#8220;{}&#8220;][et_pb_text _builder_version=&#8220;4.17.4&#8243; _module_preset=&#8220;default&#8220; text_font=&#8220;|700|||||||&#8220; text_font_size=&#8220;20px&#8220; text_line_height=&#8220;1.1em&#8220; global_colors_info=&#8220;{}&#8220;]<\/p>\n<p>Region Seelow<\/p>\n<ul>\n<li>Seelow<\/li>\n<li>K\u00fcstrin-Kietz<\/li>\n<li>Podelzig<\/li>\n<li>Ortwig<\/li>\n<\/ul>\n<p>&nbsp;<\/p>\n<p>[\/et_pb_text][et_pb_image src=&#8220;https:\/\/www.ksb-mol.de\/wp-content\/uploads\/2021\/03\/pr_MG_9656.jpg&#8220; title_text=&#8220;pr_MG_9656&#8243; _builder_version=&#8220;4.27.4&#8243; _module_preset=&#8220;default&#8220; hover_enabled=&#8220;0&#8243; global_colors_info=&#8220;{}&#8220; sticky_enabled=&#8220;0&#8243;][\/et_pb_image][\/et_pb_column][et_pb_column type=&#8220;1_3&#8243; _builder_version=&#8220;4.16&#8243; _module_preset=&#8220;default&#8220; global_colors_info=&#8220;{}&#8220;][et_pb_text _builder_version=&#8220;4.17.4&#8243; _module_preset=&#8220;default&#8220; text_font=&#8220;|700|||||||&#8220; text_font_size=&#8220;20px&#8220; text_line_height=&#8220;1.1em&#8220; global_colors_info=&#8220;{}&#8220;]<\/p>\n<p>Region Strausberg<\/p>\n<ul>\n<li>Strausberg<\/li>\n<li>Rehfelde<\/li>\n<li>Altlandsberg<\/li>\n<li>Eggersdorf<\/li>\n<li>Petershagen<\/li>\n<li>Neuenhagen<\/li>\n<li>Fredersdorf-Vogelsdorf<\/li>\n<li>H\u00f6now<\/li>\n<li>Hohenstein<\/li>\n<li>Hennickendorf<\/li>\n<li>M\u00fcnchehofe<\/li>\n<li>Pr\u00f6tzel<\/li>\n<\/ul>\n<p>&nbsp;<\/p>\n<p>[\/et_pb_text][\/et_pb_column][\/et_pb_row][et_pb_row _builder_version=&#8220;4.17.4&#8243; _module_preset=&#8220;default&#8220; global_colors_info=&#8220;{}&#8220;][et_pb_column type=&#8220;4_4&#8243; _builder_version=&#8220;4.17.4&#8243; _module_preset=&#8220;default&#8220; global_colors_info=&#8220;{}&#8220;][et_pb_image src=&#8220;https:\/\/www.ksb-mol.de\/wp-content\/uploads\/2021\/04\/slider8.jpg&#8220; title_text=&#8220;slider8&#8243; _builder_version=&#8220;4.17.4&#8243; _module_preset=&#8220;default&#8220; min_height=&#8220;354.1px&#8220; global_colors_info=&#8220;{}&#8220;][\/et_pb_image][\/et_pb_column][\/et_pb_row][et_pb_row _builder_version=&#8220;4.16&#8243; _module_preset=&#8220;default&#8220; global_colors_info=&#8220;{}&#8220;][et_pb_column type=&#8220;4_4&#8243; _builder_version=&#8220;4.16&#8243; _module_preset=&#8220;default&#8220; global_colors_info=&#8220;{}&#8220;][et_pb_text _builder_version=&#8220;4.16&#8243; _module_preset=&#8220;default&#8220; text_font=&#8220;|700|||||||&#8220; text_font_size=&#8220;25px&#8220; global_colors_info=&#8220;{}&#8220;]<\/p>\n<p>Weitere Informationen zu den Sportangeboten unter 03346\/8525202<\/p>\n<p>[\/et_pb_text][\/et_pb_column][\/et_pb_row][\/et_pb_section]<\/p>\n","protected":false},"excerpt":{"rendered":"<p>W\u00f6chentliche Senioren- und Gesundheitssportangebote der Abteilung Breitensport\u00a0Getreu dem Motto &#8222;wir werden \u00e4lter &#8211; na und&#8230;! m\u00f6chte die Abteilung Breitensport die Bewegungsf\u00f6rderung von \u00e4lteren Menschen vorantreiben. Neben den gesundheitlichen Aspekten, ist [&hellip;]<\/p>\n","protected":false},"author":2,"featured_media":0,"parent":0,"menu_order":0,"comment_status":"closed","ping_status":"closed","template":"","meta":{"_et_pb_use_builder":"on","_et_pb_old_content":"","_et_gb_content_width":"","footnotes":""},"class_list":["post-1077","page","type-page","status-publish","hentry"],"_links":{"self":[{"href":"https:\/\/www.ksb-mol.de\/%20startseite%202025\/wp-json\/wp\/v2\/pages\/1077","targetHints":{"allow":["GET"]}}],"collection":[{"href":"https:\/\/www.ksb-mol.de\/%20startseite%202025\/wp-json\/wp\/v2\/pages"}],"about":[{"href":"https:\/\/www.ksb-mol.de\/%20startseite%202025\/wp-json\/wp\/v2\/types\/page"}],"author":[{"embeddable":true,"href":"https:\/\/www.ksb-mol.de\/%20startseite%202025\/wp-json\/wp\/v2\/users\/2"}],"replies":[{"embeddable":true,"href":"https:\/\/www.ksb-mol.de\/%20startseite%202025\/wp-json\/wp\/v2\/comments?post=1077"}],"version-history":[{"count":0,"href":"https:\/\/www.ksb-mol.de\/%20startseite%202025\/wp-json\/wp\/v2\/pages\/1077\/revisions"}],"wp:attachment":[{"href":"https:\/\/www.ksb-mol.de\/%20startseite%202025\/wp-json\/wp\/v2\/media?parent=1077"}],"curies":[{"name":"wp","href":"https:\/\/api.w.org\/{rel}","templated":true}]}}